{"id":4077,"date":"2025-01-26T18:23:52","date_gmt":"2025-01-26T18:23:52","guid":{"rendered":"https:\/\/dottorati.unica.it\/stta\/?page_id=4077"},"modified":"2025-02-02T11:09:35","modified_gmt":"2025-02-02T11:09:35","slug":"progetto-formativo","status":"publish","type":"page","link":"https:\/\/dottorati.unica.it\/stta\/progetto-formativo\/","title":{"rendered":"Progetto formativo"},"content":{"rendered":"<p>Il Corso di Dottorato in Scienze e Tecnologie della Terra e dell&#8217;Ambiente (STTA) nasce per promuovere, coordinare e organizzare attivit\u00e0 di alta formazione universitaria, al fine di preparare figure professionali orientate alla ricerca scientifica avanzata nel campo delle geoscienze e scienze ambientali.\u00a0Il percorso dottorale \u00e8 multidisciplinare, articolato in tre curricula, con qualificazione scientifica di eccellenza in ambito internazionale.<\/p>\n<p>Il corso di Dottorato si articola in corsi ad hoc per dottorandi\/e, seminari, scuole, attivit\u00e0 di ricerca presso universit\u00e0\/centri di ricerca. Viene garantita e stimolata la crescita in campo scientifico dei dottorandi con la pubblicazione e diffusione dei risultati scientifici, e con la partecipazione, anche in qualit\u00e0 di relatori, a congressi, workshop, etc.<\/p>\n<p>Come parte integrante del percorso formativo, il corso favorisce ed incoraggia la partecipazione dei dottorandi alle attivit\u00e0 didattiche universitarie, di tutoraggio e di orientamento nei limiti della compatibilit\u00e0 con le attivit\u00e0 di ricerca.<\/p>\n<p>Tutte le attivit\u00e0 sono condotte sotto la guida dei tutor, del Collegio dei Docenti e dei tutor esterni e\/o aziendali come previsto dal Regolamento.<\/p>\n<p>Il progetto formativo \u00e8 in linea con il piano strategico 2022-2027 dell&#8217;Universit\u00e0 degli Studi di Cagliari anche in quanto contribuisce al perseguimento degli obiettivi di sviluppo sostenibile del territorio.<\/p>","protected":false},"excerpt":{"rendered":"<p>Il Corso di Dottorato in Scienze e Tecnologie della Terra e dell&#8217;Ambiente (STTA) nasce per promuovere, coordinare e organizzare attivit\u00e0 di alta formazione universitaria, al fine di preparare figure professionali orientate alla ricerca scientifica avanzata nel campo delle geoscienze e scienze ambientali.\u00a0Il percorso dottorale \u00e8 multidisciplinare, articolato in tre curricula, con qualificazione scientifica di eccellenza in ambito internazionale. Il corso di Dottorato si articola in corsi ad hoc per dottorandi\/e, seminari, scuole, attivit\u00e0 di ricerca presso universit\u00e0\/centri di ricerca. Viene garantita e stimolata la crescita in campo scientifico dei dottorandi con la pubblicazione e diffusione dei risultati scientifici, e con <a href='https:\/\/dottorati.unica.it\/stta\/progetto-formativo\/' class='excerpt-more'>[&#8230;]<\/a><\/p>\n","protected":false},"author":2929,"featured_media":0,"parent":0,"menu_order":0,"comment_status":"closed","ping_status":"closed","template":"","meta":{"footnotes":""},"class_list":["post-4077","page","type-page","status-publish","hentry","post-seq-1","post-parity-odd","meta-position-corners","fix"],"_links":{"self":[{"href":"https:\/\/dottorati.unica.it\/stta\/wp-json\/wp\/v2\/pages\/4077","targetHints":{"allow":["GET"]}}],"collection":[{"href":"https:\/\/dottorati.unica.it\/stta\/wp-json\/wp\/v2\/pages"}],"about":[{"href":"https:\/\/dottorati.unica.it\/stta\/wp-json\/wp\/v2\/types\/page"}],"author":[{"embeddable":true,"href":"https:\/\/dottorati.unica.it\/stta\/wp-json\/wp\/v2\/users\/2929"}],"replies":[{"embeddable":true,"href":"https:\/\/dottorati.unica.it\/stta\/wp-json\/wp\/v2\/comments?post=4077"}],"version-history":[{"count":3,"href":"https:\/\/dottorati.unica.it\/stta\/wp-json\/wp\/v2\/pages\/4077\/revisions"}],"predecessor-version":[{"id":4094,"href":"https:\/\/dottorati.unica.it\/stta\/wp-json\/wp\/v2\/pages\/4077\/revisions\/4094"}],"wp:attachment":[{"href":"https:\/\/dottorati.unica.it\/stta\/wp-json\/wp\/v2\/media?parent=4077"}],"curies":[{"name":"wp","href":"https:\/\/api.w.org\/{rel}","templated":true}]}}