{"id":3874,"date":"2024-07-14T14:59:42","date_gmt":"2024-07-14T14:59:42","guid":{"rendered":"https:\/\/dottorati.unica.it\/stta\/?page_id=3874"},"modified":"2024-07-14T14:59:42","modified_gmt":"2024-07-14T14:59:42","slug":"phd-students-publications-xxxv-cycle","status":"publish","type":"page","link":"https:\/\/dottorati.unica.it\/stta\/phd-students-publications-xxxv-cycle\/?lang=en","title":{"rendered":"PhD students publications &#8211; XXXV cycle"},"content":{"rendered":"<h4><strong>Pubblications (and awards) by the PhD students XXXV cycle (2020-2023)<\/strong><\/h4>\n<p>&nbsp;<\/p>\n<p><strong>Dr. Matteo Luca DEIDDA<\/strong><\/p>\n<ul>\n<li><strong>Deidda, M.L<\/strong>., Naitza, S., Moroni, M., De Giudici, G.B., Fancello, D., Idini, A., Risplendente, A. (2022) Mineralogy of the scheelite-bearing ores of Monte Tamara (SW Sardinia): Insights for the evolution of a Late Variscan W-Sn skarn system. Mineralogical Magazine. Doi: 10.1180\/mgm.2022.119<\/li>\n<li>Cocco, F., Attardi, A., <strong>Deidda, M<\/strong>.<strong>L<\/strong>., Fancello, D., Funedda, A., Naitza, S. (2022) Passive structural control on skarn mineralization localization: a case study from the Variscan Rosas Shear Zone (SW Sardinia, Italy). Minerals, 12 (2), art. no. 272. DOI: 10.3390\/min12020272<\/li>\n<li><strong>Deidda M.L.<\/strong>, Fancello D., Moroni M., Naitza S., Scano I. (2022) Spatial and Metallogenic Relationships between Different Hydrothermal Vein Systems in the Southern Arbur\u00e8se District (SW Sardinia). Environmental Science Proceedings, 6, 13. DOI:10.3390\/iecms2021-09363<\/li>\n<\/ul>\n<p><strong>Dr.ssa Pegah KHARAZIAN<\/strong><\/p>\n<ul>\n<li><strong>Kharazian, P.,<\/strong> Fern\u00e1ndez-Ondo\u00f1o, E., Jim\u00e9nez, M.N., Sierra Arag\u00f3n, M., Aguirre-Arcos, A., Bacchetta, G., Cappai, G., De Giudici, G.B. (2022) <em>Pinus halepensis<\/em> in contaminated mining sites: study of the transfer of metals in the plant\u2013soil system using the BCR procedure. Toxics, 10, 728.<\/li>\n<\/ul>\n<ul>\n<li><strong>Kharazian, P.,<\/strong> Bacchetta, G., Cappai, G., Piredda, M., De Giudici, G.B. (2022) An integrated\u00a0 geochemical and mineralogical investigation on soil-plant system of Pinus halepensis pioneer tree growing on heavy metal polluted mine tailing. Plant Biosystems &#8211; An International Journal Dealing with all Aspects of Plant Biology, DOI: 10.1080\/11263504.2022.2100502<\/li>\n<\/ul>\n<p><strong>Dr.ssa M. Chiara PORRU<\/strong><\/p>\n<ul>\n<li><strong>Porru, M.C., <\/strong>Da Pelo, S., Westenbroek, S., Vacca, A., Loi, A., Melis, M.T., Pirellas, A., Buttau, C., Arras, C., Vacca, S., Mason, M.L., Lorrai, M., Testa, M., Botti, P. (2021) A methodological approach for the effective infiltration assessment in a coastal groundwater. Italian Journal of Engineering Geology and Environment, 1, pp. 183\u2013193.<\/li>\n<li>Premio &#8220;Giorgio Ghiglieri&#8221; per la migliore presentazione orale a tema idrogeologico. XVI Convegno Nazionale delle Sezioni \u201cGIT \u2013 Geosciences and Information Technologies\u201d e \u201cSI \u2013 Sezione di Idrogeologia\u201d della Societ\u00e0 Geologica Italiana, 5-7 settembre 2022.<\/li>\n<\/ul>\n<p><strong>\u00a0<\/strong><strong>Dr. Stefano TRUDU<\/strong><\/p>\n<ul>\n<li>Ravishankar, H., Dess\u00ec, P., <strong>Trudu, S<\/strong>., Asunis, F., Lens, P.N.L. (2021) Silicone membrane contactor for selective volatile fatty acid and alcohol separation. Process Safety and Environmental Protection, 148, pp. 125\u2013136.<\/li>\n<\/ul>\n","protected":false},"excerpt":{"rendered":"<p>Pubblications (and awards) by the PhD students XXXV cycle (2020-2023) &nbsp; Dr. Matteo Luca DEIDDA Deidda, M.L., Naitza, S., Moroni, M., De Giudici, G.B., Fancello, D., Idini, A., Risplendente, A. (2022) Mineralogy of the scheelite-bearing ores of Monte Tamara (SW Sardinia): Insights for the evolution of a Late Variscan W-Sn skarn system. Mineralogical Magazine. Doi: 10.1180\/mgm.2022.119 Cocco, F., Attardi, A., Deidda, M.L., Fancello, D., Funedda, A., Naitza, S. (2022) Passive structural control on skarn mineralization localization: a case study from the Variscan Rosas Shear Zone (SW Sardinia, Italy). Minerals, 12 (2), art. no. 272. DOI: 10.3390\/min12020272 Deidda M.L., Fancello D., <a href='https:\/\/dottorati.unica.it\/stta\/phd-students-publications-xxxv-cycle\/?lang=en' class='excerpt-more'>[&#8230;]<\/a><\/p>\n","protected":false},"author":2929,"featured_media":0,"parent":0,"menu_order":0,"comment_status":"closed","ping_status":"closed","template":"","meta":{"footnotes":""},"class_list":["post-3874","page","type-page","status-publish","hentry","post-seq-1","post-parity-odd","meta-position-corners","fix"],"_links":{"self":[{"href":"https:\/\/dottorati.unica.it\/stta\/wp-json\/wp\/v2\/pages\/3874","targetHints":{"allow":["GET"]}}],"collection":[{"href":"https:\/\/dottorati.unica.it\/stta\/wp-json\/wp\/v2\/pages"}],"about":[{"href":"https:\/\/dottorati.unica.it\/stta\/wp-json\/wp\/v2\/types\/page"}],"author":[{"embeddable":true,"href":"https:\/\/dottorati.unica.it\/stta\/wp-json\/wp\/v2\/users\/2929"}],"replies":[{"embeddable":true,"href":"https:\/\/dottorati.unica.it\/stta\/wp-json\/wp\/v2\/comments?post=3874"}],"version-history":[{"count":1,"href":"https:\/\/dottorati.unica.it\/stta\/wp-json\/wp\/v2\/pages\/3874\/revisions"}],"predecessor-version":[{"id":3875,"href":"https:\/\/dottorati.unica.it\/stta\/wp-json\/wp\/v2\/pages\/3874\/revisions\/3875"}],"wp:attachment":[{"href":"https:\/\/dottorati.unica.it\/stta\/wp-json\/wp\/v2\/media?parent=3874"}],"curies":[{"name":"wp","href":"https:\/\/api.w.org\/{rel}","templated":true}]}}