{"id":3581,"date":"2022-11-04T17:31:38","date_gmt":"2022-11-04T17:31:38","guid":{"rendered":"https:\/\/dottorati.unica.it\/stta\/?page_id=3581"},"modified":"2022-11-04T17:54:32","modified_gmt":"2022-11-04T17:54:32","slug":"cotutela-di-tesi","status":"publish","type":"page","link":"https:\/\/dottorati.unica.it\/stta\/cotutela-di-tesi\/","title":{"rendered":"Cotutela di Tesi"},"content":{"rendered":"<p>La\u00a0cotutela di tesi per il dottorato di ricerca consiste nell\u2019elaborazione di una tesi sotto la direzione congiunta di un docente dell\u2019Ateneo e di un docente dell\u2019universit\u00e0 estera partecipante alla cotutela. I dottorandi che, in accordo con il proprio tutor, intendano attivare una cotutela dovranno proporre un progetto di ricerca e individuare un referente all\u2019estero.<\/p>\n<p><strong>Entro il primo semestre del secondo anno<\/strong>, si dovr\u00e0 presentare domanda tramite apposito modulo al Settore dottorati e master ed al Collegio dei docenti.\u00a0Il dottorando sar\u00e0 iscritto in entrambe le universit\u00e0 e dovr\u00e0 soggiornare nell\u2019universit\u00e0 partner per un periodo compreso tra i 6 e i 18 mesi.\u00a0L&#8217;esame finale sar\u00e0 unico e si svolger\u00e0 presso una delle due universit\u00e0 partecipanti all\u2019accordo.\u00a0Al termine del percorso di cotutela, il dottorando ricever\u00e0 un doppio titolo riconosciuto da entrambe le istituzioni.<\/p>","protected":false},"excerpt":{"rendered":"<p>La\u00a0cotutela di tesi per il dottorato di ricerca consiste nell\u2019elaborazione di una tesi sotto la direzione congiunta di un docente dell\u2019Ateneo e di un docente dell\u2019universit\u00e0 estera partecipante alla cotutela. I dottorandi che, in accordo con il proprio tutor, intendano attivare una cotutela dovranno proporre un progetto di ricerca e individuare un referente all\u2019estero. Entro il primo semestre del secondo anno, si dovr\u00e0 presentare domanda tramite apposito modulo al Settore dottorati e master ed al Collegio dei docenti.\u00a0Il dottorando sar\u00e0 iscritto in entrambe le universit\u00e0 e dovr\u00e0 soggiornare nell\u2019universit\u00e0 partner per un periodo compreso tra i 6 e i 18 <a href='https:\/\/dottorati.unica.it\/stta\/cotutela-di-tesi\/' class='excerpt-more'>[&#8230;]<\/a><\/p>\n","protected":false},"author":2929,"featured_media":0,"parent":0,"menu_order":0,"comment_status":"closed","ping_status":"closed","template":"","meta":{"footnotes":""},"class_list":["post-3581","page","type-page","status-publish","hentry","post-seq-1","post-parity-odd","meta-position-corners","fix"],"_links":{"self":[{"href":"https:\/\/dottorati.unica.it\/stta\/wp-json\/wp\/v2\/pages\/3581","targetHints":{"allow":["GET"]}}],"collection":[{"href":"https:\/\/dottorati.unica.it\/stta\/wp-json\/wp\/v2\/pages"}],"about":[{"href":"https:\/\/dottorati.unica.it\/stta\/wp-json\/wp\/v2\/types\/page"}],"author":[{"embeddable":true,"href":"https:\/\/dottorati.unica.it\/stta\/wp-json\/wp\/v2\/users\/2929"}],"replies":[{"embeddable":true,"href":"https:\/\/dottorati.unica.it\/stta\/wp-json\/wp\/v2\/comments?post=3581"}],"version-history":[{"count":3,"href":"https:\/\/dottorati.unica.it\/stta\/wp-json\/wp\/v2\/pages\/3581\/revisions"}],"predecessor-version":[{"id":3595,"href":"https:\/\/dottorati.unica.it\/stta\/wp-json\/wp\/v2\/pages\/3581\/revisions\/3595"}],"wp:attachment":[{"href":"https:\/\/dottorati.unica.it\/stta\/wp-json\/wp\/v2\/media?parent=3581"}],"curies":[{"name":"wp","href":"https:\/\/api.w.org\/{rel}","templated":true}]}}