{"id":1929,"date":"2017-04-26T17:30:27","date_gmt":"2017-04-26T17:30:27","guid":{"rendered":"http:\/\/dottorati.unica.it\/stta\/?page_id=1929"},"modified":"2025-01-25T16:18:52","modified_gmt":"2025-01-25T16:18:52","slug":"acquisizione-dei-crediti-formativi","status":"publish","type":"page","link":"https:\/\/dottorati.unica.it\/stta\/acquisizione-dei-crediti-formativi\/","title":{"rendered":"Acquisizione dei crediti formativi"},"content":{"rendered":"<p>Il dottorato di ricerca prevede, nell\u2019arco dei tre anni, l\u2019acquisizione di <strong>180 crediti formativi<\/strong>, indicativamente 60 per anno. Di questi, 36 acquisibili mediante la frequenza di corsi istituzionali <em>ad hoc <\/em>per dottorandi (vedi Menu Offerta Formativa), e corsi di laurea magistrale, se pertinenti.<br \/>\nGli altri crediti vengono acquisiti tramite altre attivit\u00e0, in primis la ricerca, e poi la partecipazione a seminari, congressi, periodi di ricerca all&#8217;estero, attivit\u00e0 di orientamento (giornate orientamento, sharper night etc.), attivit\u00e0 didattica di supporto e tutoraggio in corsi universitari o per tesi di laurea.<\/p>\n<p>A tal fine, il collegio dei docenti, in data 25 luglio 2023, ha approvato l&#8217;aggiornamento della <strong><a href=\"https:\/\/dottorati.unica.it\/stta\/files\/2023\/07\/Tabella-attribuzione-crediti-approvata-Collegio-25-luglio-2023.pdf\">T<\/a><a href=\"https:\/\/dottorati.unica.it\/stta\/files\/2023\/07\/Tabella-attribuzione-crediti-approvata-Collegio-25-luglio-2023.pdf\">abella <\/a><\/strong><a href=\"https:\/\/dottorati.unica.it\/stta\/files\/2023\/07\/Tabella-attribuzione-crediti-approvata-Collegio-25-luglio-2023.pdf\"><strong>criteri di attribuzione dei crediti<\/strong><\/a><\/p>\n<p>Entro la fine del percorso dottorale (3\u00b0 anno) viene richiesta la certificazione del livello <strong>C1 di lingua Inglese<\/strong> e un periodo di ricerca all&#8217;estero di almeno <strong>6 mesi<\/strong>, ai fini dell&#8217;ammissione all&#8217;esame finale.<\/p>\n<p>&nbsp;<\/p>","protected":false},"excerpt":{"rendered":"<p>Il dottorato di ricerca prevede, nell\u2019arco dei tre anni, l\u2019acquisizione di 180 crediti formativi, indicativamente 60 per anno. Di questi, 36 acquisibili mediante la frequenza di corsi istituzionali ad hoc per dottorandi (vedi Menu Offerta Formativa), e corsi di laurea magistrale, se pertinenti. Gli altri crediti vengono acquisiti tramite altre attivit\u00e0, in primis la ricerca, e poi la partecipazione a seminari, congressi, periodi di ricerca all&#8217;estero, attivit\u00e0 di orientamento (giornate orientamento, sharper night etc.), attivit\u00e0 didattica di supporto e tutoraggio in corsi universitari o per tesi di laurea. A tal fine, il collegio dei docenti, in data 25 luglio 2023, <a href='https:\/\/dottorati.unica.it\/stta\/acquisizione-dei-crediti-formativi\/' class='excerpt-more'>[&#8230;]<\/a><\/p>\n","protected":false},"author":498,"featured_media":0,"parent":0,"menu_order":0,"comment_status":"closed","ping_status":"closed","template":"","meta":{"footnotes":""},"class_list":["post-1929","page","type-page","status-publish","hentry","post-seq-1","post-parity-odd","meta-position-corners","fix"],"_links":{"self":[{"href":"https:\/\/dottorati.unica.it\/stta\/wp-json\/wp\/v2\/pages\/1929","targetHints":{"allow":["GET"]}}],"collection":[{"href":"https:\/\/dottorati.unica.it\/stta\/wp-json\/wp\/v2\/pages"}],"about":[{"href":"https:\/\/dottorati.unica.it\/stta\/wp-json\/wp\/v2\/types\/page"}],"author":[{"embeddable":true,"href":"https:\/\/dottorati.unica.it\/stta\/wp-json\/wp\/v2\/users\/498"}],"replies":[{"embeddable":true,"href":"https:\/\/dottorati.unica.it\/stta\/wp-json\/wp\/v2\/comments?post=1929"}],"version-history":[{"count":20,"href":"https:\/\/dottorati.unica.it\/stta\/wp-json\/wp\/v2\/pages\/1929\/revisions"}],"predecessor-version":[{"id":4049,"href":"https:\/\/dottorati.unica.it\/stta\/wp-json\/wp\/v2\/pages\/1929\/revisions\/4049"}],"wp:attachment":[{"href":"https:\/\/dottorati.unica.it\/stta\/wp-json\/wp\/v2\/media?parent=1929"}],"curies":[{"name":"wp","href":"https:\/\/api.w.org\/{rel}","templated":true}]}}