{"id":1815,"date":"2017-04-26T09:48:37","date_gmt":"2017-04-26T09:48:37","guid":{"rendered":"http:\/\/dottorati.unica.it\/stta\/?page_id=1815"},"modified":"2022-11-04T16:58:21","modified_gmt":"2022-11-04T16:58:21","slug":"il-dottorato-stta","status":"publish","type":"page","link":"https:\/\/dottorati.unica.it\/stta\/il-dottorato-stta\/","title":{"rendered":"Dottorato"},"content":{"rendered":"<p class=\"first-para\">Il <strong>Dottorato in Scienze e Tecnologie della Terra e dell\u2019Ambiente<\/strong>, attivato con il XXIX Ciclo, costituisce la naturale evoluzione della <a href=\"http:\/\/people.unica.it\/scuoladisat\/\">Scuola di Dottorato in Ingegneria e Scienze dell\u2019Ambiente e del Territorio<\/a>, a cui facevano riferimento quattro dottorati dei cicli precedenti:<\/p>\n<ul style=\"list-style-type: circle\">\n<li class=\"first-para\"><strong><em>Botanica Ambientale e Applicata<\/em><\/strong><\/li>\n<li class=\"first-para\"><em><strong>Difesa e Conservazione del Suo<\/strong><strong>lo<\/strong><strong>, Protezione Idrogeologica e Vulnerabilit\u00e0 Ambientale<\/strong><\/em><\/li>\n<li class=\"first-para\"><em><strong>Geoingegneria e Tecnologie Ambientali<\/strong><\/em><\/li>\n<li class=\"first-para\"><strong><em>Scienze della Terra<\/em><\/strong><\/li>\n<\/ul>\n<p>La <a href=\"http:\/\/people.unica.it\/scuoladisat\/\">Scuola di Dottorato in Ingegneria e Scienze dell\u2019Ambiente e del Territorio<\/a>\u00a0ha sempre rappresentato un fertile terreno di confronto, collaborazione e interazione tra i vari Dottorati, testimoniato non solo dalla concertazione dell\u2019attivit\u00e0 formativa, ma anche da diversi progetti di ricerca in comune e dottorandi in co-tutela. Ci\u00f2 \u00e8 il risultato di una profonda intersezione culturale che trova la sua espressione nelle dinamiche dei fenomeni che coinvolgono la geosfera, la pedosfera, l\u2019idrosfera, e le loro interazioni con la biosfera. Pertanto, nel momento in cui i Dottorati si sono dovuti confrontare con gli adeguamenti conseguenti al DM 45\/2013, la scelta di proporre la trasformazione dell\u2019attuale Scuola in Dottorato \u00e8 apparsa la soluzione pi\u00f9 idonea a preservare e sviluppare l\u2019identit\u00e0 e il patrimonio culturale dei quattro Dottorati.<\/p>\n","protected":false},"excerpt":{"rendered":"<p>Il Dottorato in Scienze e Tecnologie della Terra e dell\u2019Ambiente, attivato con il XXIX Ciclo, costituisce la naturale evoluzione della Scuola di Dottorato in Ingegneria e Scienze dell\u2019Ambiente e del Territorio, a cui facevano riferimento quattro dottorati dei cicli precedenti: Botanica Ambientale e Applicata Difesa e Conservazione del Suolo, Protezione Idrogeologica e Vulnerabilit\u00e0 Ambientale Geoingegneria e Tecnologie Ambientali Scienze della Terra La Scuola di Dottorato in Ingegneria e Scienze dell\u2019Ambiente e del Territorio\u00a0ha sempre rappresentato un fertile terreno di confronto, collaborazione e interazione tra i vari Dottorati, testimoniato non solo dalla concertazione dell\u2019attivit\u00e0 formativa, ma anche da diversi progetti di <a href='https:\/\/dottorati.unica.it\/stta\/il-dottorato-stta\/' class='excerpt-more'>[&#8230;]<\/a><\/p>\n","protected":false},"author":498,"featured_media":0,"parent":0,"menu_order":0,"comment_status":"closed","ping_status":"closed","template":"","meta":{"footnotes":""},"class_list":["post-1815","page","type-page","status-publish","hentry","post-seq-1","post-parity-odd","meta-position-corners","fix"],"_links":{"self":[{"href":"https:\/\/dottorati.unica.it\/stta\/wp-json\/wp\/v2\/pages\/1815","targetHints":{"allow":["GET"]}}],"collection":[{"href":"https:\/\/dottorati.unica.it\/stta\/wp-json\/wp\/v2\/pages"}],"about":[{"href":"https:\/\/dottorati.unica.it\/stta\/wp-json\/wp\/v2\/types\/page"}],"author":[{"embeddable":true,"href":"https:\/\/dottorati.unica.it\/stta\/wp-json\/wp\/v2\/users\/498"}],"replies":[{"embeddable":true,"href":"https:\/\/dottorati.unica.it\/stta\/wp-json\/wp\/v2\/comments?post=1815"}],"version-history":[{"count":8,"href":"https:\/\/dottorati.unica.it\/stta\/wp-json\/wp\/v2\/pages\/1815\/revisions"}],"predecessor-version":[{"id":3572,"href":"https:\/\/dottorati.unica.it\/stta\/wp-json\/wp\/v2\/pages\/1815\/revisions\/3572"}],"wp:attachment":[{"href":"https:\/\/dottorati.unica.it\/stta\/wp-json\/wp\/v2\/media?parent=1815"}],"curies":[{"name":"wp","href":"https:\/\/api.w.org\/{rel}","templated":true}]}}