{"id":1812,"date":"2017-04-26T09:48:37","date_gmt":"2017-04-26T09:48:37","guid":{"rendered":"http:\/\/dottorati.unica.it\/stta\/?page_id=1812"},"modified":"2018-03-12T12:10:24","modified_gmt":"2018-03-12T12:10:24","slug":"offerta-formativa","status":"publish","type":"page","link":"https:\/\/dottorati.unica.it\/stta\/offerta-formativa\/","title":{"rendered":"Offerta formativa"},"content":{"rendered":"<p>L\u2019attivit\u00e0 dei dottorandi \u00e8 finalizzata, oltre allo sviluppo del proprio progetto di ricerca, anche alla partecipazione ad attivit\u00e0 formative che consentono l\u2019acquisizione di crediti a valle di verifica di frequenza con profitto.<\/p>\n<p>L\u2019offerta formativa del corso di Dottorato viene formulata ogni anno (vedi men\u00f9 a tendina).<\/p>","protected":false},"excerpt":{"rendered":"<p>L\u2019attivit\u00e0 dei dottorandi \u00e8 finalizzata, oltre allo sviluppo del proprio progetto di ricerca, anche alla partecipazione ad attivit\u00e0 formative che consentono l\u2019acquisizione di crediti a valle di verifica di frequenza con profitto. L\u2019offerta formativa del corso di Dottorato viene formulata ogni anno (vedi men\u00f9 a tendina).<\/p>\n","protected":false},"author":498,"featured_media":0,"parent":0,"menu_order":0,"comment_status":"closed","ping_status":"closed","template":"","meta":{"footnotes":""},"class_list":["post-1812","page","type-page","status-publish","hentry","post-seq-1","post-parity-odd","meta-position-corners","fix"],"_links":{"self":[{"href":"https:\/\/dottorati.unica.it\/stta\/wp-json\/wp\/v2\/pages\/1812","targetHints":{"allow":["GET"]}}],"collection":[{"href":"https:\/\/dottorati.unica.it\/stta\/wp-json\/wp\/v2\/pages"}],"about":[{"href":"https:\/\/dottorati.unica.it\/stta\/wp-json\/wp\/v2\/types\/page"}],"author":[{"embeddable":true,"href":"https:\/\/dottorati.unica.it\/stta\/wp-json\/wp\/v2\/users\/498"}],"replies":[{"embeddable":true,"href":"https:\/\/dottorati.unica.it\/stta\/wp-json\/wp\/v2\/comments?post=1812"}],"version-history":[{"count":7,"href":"https:\/\/dottorati.unica.it\/stta\/wp-json\/wp\/v2\/pages\/1812\/revisions"}],"predecessor-version":[{"id":2401,"href":"https:\/\/dottorati.unica.it\/stta\/wp-json\/wp\/v2\/pages\/1812\/revisions\/2401"}],"wp:attachment":[{"href":"https:\/\/dottorati.unica.it\/stta\/wp-json\/wp\/v2\/media?parent=1812"}],"curies":[{"name":"wp","href":"https:\/\/api.w.org\/{rel}","templated":true}]}}