{"id":2125,"date":"2022-11-03T19:58:35","date_gmt":"2022-11-03T18:58:35","guid":{"rendered":"https:\/\/dottorati.unica.it\/sea\/?page_id=2125"},"modified":"2026-04-30T09:36:29","modified_gmt":"2026-04-30T07:36:29","slug":"students-and-advisors","status":"publish","type":"page","link":"https:\/\/dottorati.unica.it\/sea\/chi-siamo\/students\/students-and-advisors\/","title":{"rendered":"Students and Advisors"},"content":{"rendered":"<p>&nbsp;<\/p>\n<p>&nbsp;<\/p>\n<table style=\"height: 957px\" border=\"0\" width=\"485\" cellspacing=\"0\" cellpadding=\"0\">\n<colgroup>\n<col width=\"53\" \/>\n<col width=\"71\" \/>\n<col width=\"173\" \/>\n<col width=\"189\" \/><\/colgroup>\n<tbody>\n<tr>\n<td class=\"xl68\" width=\"53\" height=\"25\"><\/td>\n<td class=\"xl69\" width=\"71\"><\/td>\n<td class=\"xl66\" width=\"173\"><strong>Student<\/strong><\/td>\n<td class=\"xl83\" width=\"189\"><strong>Advisors<\/strong><\/td>\n<\/tr>\n<tr>\n<td class=\"xl68\" height=\"25\">XLI<\/td>\n<td class=\"xl69\">\u00a01st<\/td>\n<td class=\"xl75\" width=\"173\">Balbina Alessandro<\/td>\n<td class=\"xl72\" width=\"189\">Cinzia Dess\u00ec<br \/>\nIvan Etzo<\/td>\n<\/tr>\n<tr>\n<td class=\"xl68\" height=\"25\"><\/td>\n<td class=\"xl69\"><\/td>\n<td class=\"xl75\" width=\"173\">Filia Gioele<\/td>\n<td class=\"xl72\" width=\"189\">Stefano Usai<br \/>\nFabio Cerina<\/td>\n<\/tr>\n<tr>\n<td class=\"xl68\" height=\"25\"><\/td>\n<td class=\"xl69\"><\/td>\n<td class=\"xl75\" width=\"173\">Nikzadask Moshen<\/td>\n<td class=\"xl72\" width=\"189\">Cinzia Dess\u00ec<br \/>\nFederica Caboni<\/td>\n<\/tr>\n<tr>\n<td class=\"xl68\" height=\"25\"><\/td>\n<td class=\"xl69\"><\/td>\n<td class=\"xl75\" width=\"173\">Scano Clo\u00e9<\/td>\n<td class=\"xl72\" width=\"189\">Vittorio Pelligra<br \/>\nClaudio Deiana<\/td>\n<\/tr>\n<tr>\n<td class=\"xl68\" height=\"25\"><\/td>\n<td class=\"xl69\"><\/td>\n<td class=\"xl75\" width=\"173\">Setzu Alessandro<\/td>\n<td class=\"xl72\" width=\"189\">Stefano Zedda<br \/>\nPaolo Mattana<\/td>\n<\/tr>\n<tr>\n<td class=\"xl68\" height=\"25\"><\/td>\n<td class=\"xl69\"><\/td>\n<td class=\"xl75\" width=\"173\">Usai Andrea<\/td>\n<td class=\"xl72\" width=\"189\">Fabio Cerina<br \/>\nElisa Dinash<\/td>\n<\/tr>\n<tr>\n<td class=\"xl68\" height=\"25\">XL<\/td>\n<td class=\"xl69\">2nd<\/td>\n<td class=\"xl75\" width=\"173\">Ali Shahzaib<\/td>\n<td class=\"xl72\" width=\"189\">Roberta Pinna<br \/>\nMichela Floris<\/td>\n<\/tr>\n<tr>\n<td class=\"xl68\" height=\"25\"><\/td>\n<td class=\"xl69\"><\/td>\n<td class=\"xl75\" width=\"173\">Chalie Desalegn Nega<\/td>\n<td class=\"xl72\" width=\"189\">Giovanni Sulis<br \/>\nLudovica Giua<\/td>\n<\/tr>\n<tr>\n<td class=\"xl67\" height=\"25\"><\/td>\n<td class=\"xl78\"><\/td>\n<td class=\"xl73\" width=\"173\">Medda Francesco<\/td>\n<td class=\"xl74\" width=\"189\">Fabio Cerina<br \/>\nVincenzo Merella<\/td>\n<\/tr>\n<tr>\n<td class=\"xl68\" height=\"25\"><\/td>\n<td class=\"xl69\"><\/td>\n<td class=\"xl75\" width=\"173\">Mottola Andrea<\/td>\n<td class=\"xl72\" width=\"189\">Alessio Moro<\/td>\n<\/tr>\n<tr>\n<td class=\"xl68\" height=\"25\"><\/td>\n<td class=\"xl69\"><\/td>\n<td class=\"xl75\" width=\"173\">Serri Francesca Chiara<\/td>\n<td class=\"xl72\" width=\"189\">Manuel Castriotta<\/td>\n<\/tr>\n<tr>\n<td class=\"xl68\" height=\"25\">XXXIX<\/td>\n<td class=\"xl69\">3rd<\/td>\n<td class=\"xl75\" width=\"173\">Atzori Francesca<\/td>\n<td class=\"xl72\" width=\"189\">Giulia Contu<\/td>\n<\/tr>\n<tr>\n<td class=\"xl68\" height=\"25\"><\/td>\n<td class=\"xl69\"><\/td>\n<td class=\"xl75\" width=\"173\">Palmas Giulio<\/td>\n<td class=\"xl72\" width=\"189\">Michela Floris<\/td>\n<\/tr>\n<tr>\n<td class=\"xl68\" height=\"25\"><\/td>\n<td class=\"xl69\"><\/td>\n<td class=\"xl75\" width=\"173\">Ramohito Valdi<\/td>\n<td class=\"xl72\" width=\"189\">Alessandro Mura<\/td>\n<\/tr>\n<tr>\n<td class=\"xl70\" height=\"25\"><\/td>\n<td class=\"xl71\"><\/td>\n<td class=\"xl75\" width=\"173\">Scanu Giulia<\/td>\n<td class=\"xl72\" width=\"189\">Michela Loi<\/td>\n<\/tr>\n<tr>\n<td class=\"xl67\" height=\"25\"><\/td>\n<td class=\"xl78\"><\/td>\n<td class=\"xl73\" width=\"173\">Dessalegn Tazeb Bisset<\/td>\n<td class=\"xl74\" width=\"189\">Vittorio Pelligra<br \/>\nEmanuela Marrocu<\/td>\n<\/tr>\n<tr>\n<td class=\"xl68\" height=\"25\"><\/td>\n<td class=\"xl69\"><\/td>\n<td class=\"xl75\" width=\"173\">Apuzzo Luigi<\/td>\n<td class=\"xl72\" width=\"189\">Stefano Usai<br \/>\nRaffaele Paci<\/td>\n<\/tr>\n<tr>\n<td class=\"xl68\" height=\"25\"><\/td>\n<td class=\"xl69\"><\/td>\n<td class=\"xl75\" width=\"173\">Sabah Hamza<\/td>\n<td class=\"xl72\" width=\"189\">Maria Chiara Di Guardo<\/td>\n<\/tr>\n<tr>\n<td class=\"xl68\" height=\"25\"><\/td>\n<td class=\"xl69\"><\/td>\n<td class=\"xl82\" width=\"173\">Vincis Andrea<\/td>\n<td class=\"xl72\" width=\"189\">Cinzia Dess\u00ec<\/td>\n<\/tr>\n<tr>\n<td class=\"xl68\" height=\"25\"><\/td>\n<td class=\"xl69\"><\/td>\n<td class=\"xl82\" width=\"173\">Corona Fabio<\/td>\n<td class=\"xl72\" width=\"189\">Giuseppe Melis<\/td>\n<\/tr>\n<tr>\n<td class=\"xl68\" height=\"25\">XXXVIII<\/td>\n<td class=\"xl69\"><\/td>\n<td class=\"xl82\" width=\"173\">Melis Elisa<\/td>\n<td class=\"xl72\" width=\"189\">Adriana Di Liberto<\/td>\n<\/tr>\n<tr>\n<td class=\"xl79\" height=\"25\"><\/td>\n<td class=\"xl76\"><\/td>\n<td class=\"xl82\" width=\"173\">Marji Aphrodite<\/td>\n<td class=\"xl72\" width=\"189\">Maria Chiara Di Guardo<\/td>\n<\/tr>\n<tr>\n<td class=\"xl79\" height=\"25\"><\/td>\n<td class=\"xl76\"><\/td>\n<td class=\"xl68\">Dess\u00ec Diego<\/td>\n<td class=\"xl69\">Stefano Usai<\/td>\n<\/tr>\n<tr>\n<td class=\"xl79\" height=\"25\"><\/td>\n<td class=\"xl67\" height=\"27\"><\/td>\n<td class=\"xl81\" width=\"173\">Gravellu Carla<\/td>\n<td class=\"xl72\" width=\"189\">Andrea Melis<\/td>\n<\/tr>\n<\/tbody>\n<\/table>\n<p>&nbsp;<\/p>\n","protected":false},"excerpt":{"rendered":"<p>&nbsp; &nbsp; Student Advisors XLI \u00a01st Balbina Alessandro Cinzia Dess\u00ec Ivan Etzo Filia Gioele Stefano Usai Fabio Cerina Nikzadask Moshen Cinzia Dess\u00ec Federica Caboni Scano Clo\u00e9 Vittorio Pelligra Claudio Deiana Setzu Alessandro Stefano Zedda Paolo Mattana Usai Andrea Fabio Cerina Elisa Dinash XL 2nd Ali Shahzaib Roberta Pinna Michela Floris Chalie Desalegn Nega Giovanni Sulis <a href='https:\/\/dottorati.unica.it\/sea\/chi-siamo\/students\/students-and-advisors\/' class='excerpt-more'>[&#8230;]<\/a><\/p>\n","protected":false},"author":221,"featured_media":0,"parent":1309,"menu_order":0,"comment_status":"closed","ping_status":"closed","template":"","meta":{"footnotes":""},"class_list":["post-2125","page","type-page","status-publish","hentry","post-seq-1","post-parity-odd","meta-position-corners","fix"],"_links":{"self":[{"href":"https:\/\/dottorati.unica.it\/sea\/wp-json\/wp\/v2\/pages\/2125","targetHints":{"allow":["GET"]}}],"collection":[{"href":"https:\/\/dottorati.unica.it\/sea\/wp-json\/wp\/v2\/pages"}],"about":[{"href":"https:\/\/dottorati.unica.it\/sea\/wp-json\/wp\/v2\/types\/page"}],"author":[{"embeddable":true,"href":"https:\/\/dottorati.unica.it\/sea\/wp-json\/wp\/v2\/users\/221"}],"replies":[{"embeddable":true,"href":"https:\/\/dottorati.unica.it\/sea\/wp-json\/wp\/v2\/comments?post=2125"}],"version-history":[{"count":30,"href":"https:\/\/dottorati.unica.it\/sea\/wp-json\/wp\/v2\/pages\/2125\/revisions"}],"predecessor-version":[{"id":2679,"href":"https:\/\/dottorati.unica.it\/sea\/wp-json\/wp\/v2\/pages\/2125\/revisions\/2679"}],"up":[{"embeddable":true,"href":"https:\/\/dottorati.unica.it\/sea\/wp-json\/wp\/v2\/pages\/1309"}],"wp:attachment":[{"href":"https:\/\/dottorati.unica.it\/sea\/wp-json\/wp\/v2\/media?parent=2125"}],"curies":[{"name":"wp","href":"https:\/\/api.w.org\/{rel}","templated":true}]}}