{"id":906,"date":"2020-01-05T17:40:25","date_gmt":"2020-01-05T16:40:25","guid":{"rendered":"http:\/\/dottorati.unica.it\/matematicaeinformatica\/?page_id=906"},"modified":"2020-11-16T11:44:49","modified_gmt":"2020-11-16T10:44:49","slug":"courses-2020","status":"publish","type":"page","link":"https:\/\/dottorati.unica.it\/matematicaeinformatica\/courses\/courses-2020\/","title":{"rendered":"courses 2020"},"content":{"rendered":"<h3><strong><em>Corso di dottorato (20 ore con esame &#8211; 4 CFR)<br \/>\n<\/em><\/strong><\/h3>\n<p>Il dott. Mirko Marras\u00a0 terr\u00e0, a partire dal 9 dicembre 2020, un corso per il dottorato dal titolo &#8220;Python for machine Learning Research&#8221;.<\/p>\n<p>Le informazioni sono disponibili al seguente\u00a0<strong> <a href=\"https:\/\/drive.google.com\/file\/d\/1bV2pFXEgjfuu7Mr6lPnyuaQ95rcSt-zJ\/view\">link <\/a><\/strong><\/p>\n<p>&nbsp;<\/p>\n<p><strong><em>Seminario dottorale (20 ore con esame &#8211; 4 CFR)<br \/>\n<\/em><\/strong><\/p>\n<p>&nbsp;<\/p>\n<div class=\"v1gmail_default\">\n<div class=\"v1gmail_default\"><span style=\"font-size: large\">Il prof. <a href=\"https:\/\/sites.google.com\/site\/alessandobuccini\/home\">Alessandro Buccini<\/a> terr\u00e0, a partire dal 3 giugno 2020, un corso per il dottorato dal titolo &#8220;Regularization of ill-posed linear inverse problems&#8221;. Le lezioni si terranno online, su una piattaforma che verr\u00e0 comunicata in seguito, e includeranno alcune sessioni di laboratorio Matlab.<\/span><\/div>\n<div class=\"v1gmail_default\"><span style=\"font-size: large\">\u00a0<\/span><\/div>\n<div class=\"v1gmail_default\"><span style=\"font-size: large\">L&#8217;abstract del corso \u00e8 disponibile a <a href=\"http:\/\/bugs.unica.it\/~gppe\/Abstract_Buccini.pdf\">questo link<\/a>.<\/span><\/div>\n<div class=\"v1gmail_default\"><span style=\"font-size: large\">\u00a0<\/span><\/div>\n<div class=\"v1gmail_default\"><span style=\"font-size: large\">\u00a0<\/span><\/div>\n<div><\/div>\n<\/div>\n<p>&nbsp;<\/p>\n<p>&nbsp;<\/p>\n<hr \/>\n<p><strong><em>Seminario dottorale (5 ore con esame &#8211; 1 CFR)<br \/>\n<\/em><\/strong><\/p>\n<p>Il dott. Marco Ortu del DIEE, Universit\u00e0 di Cagliari<br \/>\nterr\u00e0 un corso breve dal titolo:<\/p>\n<p>Leggi di potenza, con applicazioni nell\u2019ingegneria del software<\/p>\n<p>16 Gennaio 2020, ore 9:00 &#8211; 14:00 ( \u200b Aula C &#8211; Dip. di Matematica e Informatica, via Ospedale 72)<\/p>\n<p><a href=\"http:\/\/dottorati.unica.it\/matematicaeinformatica\/files\/2020\/01\/Corso-PhD-Ortu-Abstract.pdf\">Allegata la Locandina<\/a><\/p>\n<p>&nbsp;<\/p>\n<hr \/>\n<p><strong><em>Seminari di Matematica<\/em><\/strong><\/p>\n<p>Il calendario dei seminari di matematica di Gennaio 2020<\/p>\n<p>viene allegato al seguente <a href=\"http:\/\/dottorati.unica.it\/matematicaeinformatica\/files\/2020\/01\/seminariMatGennaio2020.pdf\"><strong>LINK<\/strong><\/a><\/p>\n<p>&nbsp;<\/p>\n<hr \/>\n<p>Di seguito il programma e i relativi abstractcs<\/p>\n<hr \/>\n<h3>Marted\u00ec 14 gennaio\u00a02020\u00a0a partire dalle ore \u00a016.00\u00a0presso \u00a0l&#8217;aula B (due seminari)<\/h3>\n<div><\/div>\n<div><strong>16.00-16.45<\/strong><\/div>\n<div>\n<div>Relatore:\u00a0Silvia Columbu<\/div>\n<div><\/div>\n<p>Titolo:\u00a0On the use of Multilevel Latent Classes approach to measure University Quality and extensions to non-hierarchical structures.<\/p>\n<div><\/div>\n<div>Abstract:\u00a0In questo seminario esporr\u00f2 i risultati di un&#8217;analisi statistica che ha come obbiettivo la misurazione della qualit\u00e0 dell&#8217;Universit\u00e0 Italiana\u00a0 ramite la costruzione di opportuni indicatori costruiti con metodologie che tengono conto della complessita della struttura dei dati. In particolare considero un&#8217;analisi a classi latenti di tipo multilivello. Inoltre introdurr\u00f2 l&#8217;estensione del modello per dati multilivello non-gerarchici.<\/div>\n<div><\/div>\n<\/div>\n<div><strong>16.50-17.50<\/strong><\/div>\n<div>Relatore:\u00a0Cornelis Van der Mee<\/div>\n<div><\/div>\n<div>Titolo:\u00a0La solitudine dei numeri primi.<\/div>\n<div><\/div>\n<div>Abstract: In questo seminario verranno discusse le propriet\u00e0 asintotiche dei numeri primi. Ci\u00f2 conduce alla stima x\/ln(x) del numero dei numeri primi minori o uguali a x. La dimostrazione prosegue mediante la funzione zeta di Riemann. Si discuter\u00e0 inoltre l&#8217;ipotesi di Riemann sulla posizione degli zeri della funzione zeta, un problema irrisolto dal 1859. Infine verr\u00e0 dimostrato un Teorema di Dirichlet che ogni progressione aritmetica an+b, con a e b coprimi, contiene un numero infinito di primi.<\/div>\n<p>&#8212;&#8212;&#8212;&#8212;&#8212;&#8212;&#8212;&#8212;&#8212;&#8212;&#8212;&#8212;&#8212;&#8212;&#8212;&#8212;&#8212;&#8212;&#8212;&#8212;&#8212;&#8212;&#8211;<\/p>\n<h3>Marted\u00ec 21 gennaio\u00a02020\u00a0alle ore \u00a016.50\u00a0presso \u00a0l&#8217;aula B<\/h3>\n<p>&nbsp;<\/p>\n<div><strong>16.50-17.50<\/strong><\/div>\n<div>Relatore:\u00a0Jaime Silva<\/div>\n<div><\/div>\n<div>Titolo:\u00a0Hodge Theory: Classical, mixed and non-abelian<\/div>\n<div><\/div>\n<div>Abstract: In this talk, I will motivate my work on the mixed Hodge structures of character varieties by explaining their role in non-abelian Hodge theory. I will start by giving a quick overview on classical Hodge theory, and explain how non-abelian Hodge theory can be seen as a generalization of it. I will also try to explain the connections existing between the three moduli spaces involved: Betti, deRham and Doulbeaut. In the last part, I will focus on the Betti moduli space (also known as character varieties). In these spaces, the Hodge theory on their cohomology is no longer the classical one as built by Hodge, but rather mixed Hodge structures. This is a generalization due to Deligne, developed as one of the sideways to the fascinating mathematics that were developed to deal with the Weil conjectures.<\/div>\n<p>&#8212;&#8212;&#8212;&#8212;&#8212;&#8212;&#8212;&#8212;&#8212;&#8212;&#8212;&#8212;&#8212;&#8212;&#8212;&#8212;&#8212;&#8212;&#8212;&#8212;&#8212;&#8212;&#8212;&#8212;&#8211;<\/p>\n<h3>Giovedi 30 gennaio 2020 a partire dalle ore \u00a016.00 presso l&#8217;aula magna ex fisica (due seminari)<\/h3>\n<p><strong>16.00-17.00<\/strong><\/p>\n<div>Relatore:\u00a0Samuele Madau<\/div>\n<div><\/div>\n<div>Titolo:\u00a0Cubologia: cubo e ipercubo di Rubik<\/div>\n<div><\/div>\n<div>Abstract: In che modo un cubo di Rubik e la matematica sono collegati? Immaginate di disassemblare un cubo di Rubik, pezzo per pezzo, e di rimontarlo in modo casuale. Sar\u00e0 ancora possibile risolvere il cubo? A questa domanda risponde la legge di Cubologia, la quale fornisce le condizioni necessarie e sufficienti affinch\u00e9 un cubo di Rubik sia risolvibile.<\/div>\n<div><\/div>\n<p><strong>17.00-18.00<\/strong><\/p>\n<p>Relatore:\u00a0Sebastiano Tronto<\/p>\n<p>Titolo:\u00a0Il Cubo di Rubik e il mondo dello speedcubing<\/p>\n<p>Abstract:\u00a0Il cubo di Rubik, inventato nel 1974 da Erno Rubik, \u00e8 ad oggi il giocattolo pi\u00f9 venduto al mondo, e simbolo universale di rompicapo &#8220;irrisolvibile&#8221;. In realt\u00e0 esistono svariati metodi risolutivi e perfino competizioni in cui gli &#8220;speedcuber&#8221; di tutto il mondo si sfidano in prove di velocit\u00e0 ed efficienza. In questo talk vi illustrer\u00f2 alcuni dei pi\u00f9 comuni metodi di risoluzione e vi parler\u00f2 del loro utilizzo nelle competizioni ufficiali.<\/p>\n","protected":false},"excerpt":{"rendered":"<p>Corso di dottorato (20 ore con esame &#8211; 4 CFR) Il dott. Mirko Marras\u00a0 terr\u00e0, a partire dal 9 dicembre 2020, un corso per il dottorato dal titolo &#8220;Python for machine Learning Research&#8221;. Le informazioni sono disponibili al seguente\u00a0 link &nbsp; Seminario dottorale (20 ore con esame &#8211; 4 CFR) &nbsp; Il prof. Alessandro Buccini terr\u00e0, a partire dal 3 giugno 2020, un corso per il dottorato dal titolo &#8220;Regularization of ill-posed linear inverse problems&#8221;. Le lezioni si terranno online, su una piattaforma che verr\u00e0 comunicata in seguito, e includeranno alcune sessioni di laboratorio Matlab. \u00a0 L&#8217;abstract del corso \u00e8 <a href='https:\/\/dottorati.unica.it\/matematicaeinformatica\/courses\/courses-2020\/' class='excerpt-more'>[&#8230;]<\/a><\/p>\n","protected":false},"author":3006,"featured_media":0,"parent":161,"menu_order":9,"comment_status":"closed","ping_status":"closed","template":"","meta":{"footnotes":""},"class_list":["post-906","page","type-page","status-publish","hentry","post-seq-1","post-parity-odd","meta-position-corners","fix"],"_links":{"self":[{"href":"https:\/\/dottorati.unica.it\/matematicaeinformatica\/wp-json\/wp\/v2\/pages\/906","targetHints":{"allow":["GET"]}}],"collection":[{"href":"https:\/\/dottorati.unica.it\/matematicaeinformatica\/wp-json\/wp\/v2\/pages"}],"about":[{"href":"https:\/\/dottorati.unica.it\/matematicaeinformatica\/wp-json\/wp\/v2\/types\/page"}],"author":[{"embeddable":true,"href":"https:\/\/dottorati.unica.it\/matematicaeinformatica\/wp-json\/wp\/v2\/users\/3006"}],"replies":[{"embeddable":true,"href":"https:\/\/dottorati.unica.it\/matematicaeinformatica\/wp-json\/wp\/v2\/comments?post=906"}],"version-history":[{"count":12,"href":"https:\/\/dottorati.unica.it\/matematicaeinformatica\/wp-json\/wp\/v2\/pages\/906\/revisions"}],"predecessor-version":[{"id":978,"href":"https:\/\/dottorati.unica.it\/matematicaeinformatica\/wp-json\/wp\/v2\/pages\/906\/revisions\/978"}],"up":[{"embeddable":true,"href":"https:\/\/dottorati.unica.it\/matematicaeinformatica\/wp-json\/wp\/v2\/pages\/161"}],"wp:attachment":[{"href":"https:\/\/dottorati.unica.it\/matematicaeinformatica\/wp-json\/wp\/v2\/media?parent=906"}],"curies":[{"name":"wp","href":"https:\/\/api.w.org\/{rel}","templated":true}]}}