{"id":957,"date":"2016-07-28T14:36:13","date_gmt":"2016-07-28T12:36:13","guid":{"rendered":"http:\/\/dottorati.unica.it\/fisica\/?page_id=957"},"modified":"2019-11-05T06:18:16","modified_gmt":"2019-11-05T05:18:16","slug":"internazionalizzazione","status":"publish","type":"page","link":"https:\/\/dottorati.unica.it\/fisica\/internazionalizzazione\/","title":{"rendered":"Internazionalizzazione"},"content":{"rendered":"<p>Il Dottorato in Fisica ha una natura intrinsecamente portata all\u2019internazionalizzazione. I\u00a0docenti del Collegio del Corso di Dottorato hanno intense collaborazioni con Universit\u00e0 e centri di ricerca stranieri e sono coinvolti in progetti internazionali. Elenchiamo solo alcune di queste collaborazioni, ordinate per paese, e documentate da lavori scientifici su riviste internazionali.<\/p>\n<h6>Austria<\/h6>\n<ul>\n<li>Tech. University of Vienna<\/li>\n<li>University of Linz<\/li>\n<\/ul>\n<h6>Australia<\/h6>\n<ul>\n<li>Australia Telescope National Facility<\/li>\n<\/ul>\n<h6>Azerbaijan<\/h6>\n<ul>\n<li>Institute of Physics of Azerbaijan Academy of Sciences, Baku<\/li>\n<\/ul>\n<h6>Belgio<\/h6>\n<ul>\n<li>Universit\u00e8 de Liege<\/li>\n<\/ul>\n<h6>Brasile<\/h6>\n<ul>\n<li>Universidate de Sao Paulo Brasil<\/li>\n<\/ul>\n<h6>Canada<\/h6>\n<ul>\n<li>Perimeter Institute Waterloo<\/li>\n<li>Department of Physics University of Ottawa<\/li>\n<\/ul>\n<h6>Francia<\/h6>\n<ul>\n<li>College de France Paris<\/li>\n<li>University Marie Curie (Paris)<\/li>\n<li>Ecole Polytechnique Palaiseau (Paris)<\/li>\n<li>Universit\u00e9 de Lille<\/li>\n<li>ESRF Grenoble<\/li>\n<li>Universit\u00e9 de la M\u00e9diterran\u00e9e (Marseille)<\/li>\n<li>IPNL Lyon.<\/li>\n<\/ul>\n<h6>Germania<\/h6>\n<ul>\n<li>Goethe University (Frankfurt am Main)<\/li>\n<li>Max Planck Institute for Microstructure Physics (Halle)<\/li>\n<li>Max Planck Institute fur Radioastronomie<\/li>\n<li>University of Karlsruhe<\/li>\n<li>University of Heidelberg<\/li>\n<li>Jacobs University (Bremen)<\/li>\n<li>University of Erlangen<\/li>\n<li>Fraunhofer Institut IME (Hamburg)<\/li>\n<\/ul>\n<h6>India<\/h6>\n<ul>\n<li>University of Allahbad<\/li>\n<\/ul>\n<h6>Irlanda<\/h6>\n<ul>\n<li>Trinity College Dublin<\/li>\n<li>University College Dublin<\/li>\n<\/ul>\n<h6>Moldavia<\/h6>\n<ul>\n<li>Technical University of Moldova (Chisinau)<\/li>\n<\/ul>\n<h6>Norvegia<\/h6>\n<ul>\n<li>Norwegian University of Science and Technology, Trondheim<\/li>\n<\/ul>\n<h6>Olanda<\/h6>\n<ul>\n<li>University of Groningen<\/li>\n<li>University of Amsterdam<\/li>\n<li>University of Utrecht<\/li>\n<\/ul>\n<h6>Portogallo<\/h6>\n<ul>\n<li>IST Lisbona<\/li>\n<\/ul>\n<h6>Regno Unito<\/h6>\n<ul>\n<li>King&#8217;s College, London<\/li>\n<li>Jodrell Bank Observatory, London<\/li>\n<li>Queen&#8217;s University, Belfast<\/li>\n<li>Queen Mary College London<\/li>\n<li>University of Southampton<\/li>\n<li>University of Newcastle<\/li>\n<li>University of St. Andrew<\/li>\n<li>University of Birmingham<\/li>\n<\/ul>\n<h6>Russia<\/h6>\n<ul>\n<li>Lebedev Institute Russian Accademy of Sciences (Moscow)<\/li>\n<li>General Physics Institute: Russian Accademy of Sciences (Moscow)<\/li>\n<li>Division of Laser Technology: Laser Materials and Technology Research Center (Moscow)<\/li>\n<\/ul>\n<h6>Spagna<\/h6>\n<ul>\n<li>Universidad del Pa\u00eds Vasco (San Sebastian)<\/li>\n<li>Catalan Institute for Nanoscience and Nanotecnology (ICN2), Barcellona<\/li>\n<li>Materials Science Institute (ICMAB-CSIC, Barcelona)<\/li>\n<li>Institute of Environmental Assessment and Water Research (IDAEA, Barcelona)<\/li>\n<\/ul>\n<h6>Stati Uniti d&#8217;America<\/h6>\n<ul>\n<li>CALTECH<\/li>\n<li>Green Bank Radio Telescope<\/li>\n<li>Los Alamos National Laboratory<\/li>\n<li>Mississippi University<\/li>\n<li>Saint Louis University<\/li>\n<li>Stony Brook<\/li>\n<li>University of Oklahoma<\/li>\n<li>University of Maryland<\/li>\n<li>University of Berkeley<\/li>\n<li>University of California at Davis<\/li>\n<\/ul>\n<h6>Sud Africa<\/h6>\n<ul>\n<li>University of Cape Town<\/li>\n<\/ul>\n<h6>Svezia<\/h6>\n<ul>\n<li>NORDITA Stockholm<\/li>\n<li>Lund University<\/li>\n<\/ul>\n<h6>Svizzera<\/h6>\n<ul>\n<li>CERN<\/li>\n<li>Politecnico Federale di Zurigo<\/li>\n<li>Universit\u00e0 di Basilea<\/li>\n<li>Politecnico Federale di Losanna<\/li>\n<li>Universit\u00e0 della Svizzera italiana (Lugano)<\/li>\n<\/ul>\n","protected":false},"excerpt":{"rendered":"<p>Il Dottorato in Fisica ha una natura intrinsecamente portata all\u2019internazionalizzazione. I\u00a0docenti del Collegio del Corso di Dottorato hanno intense collaborazioni con Universit\u00e0 e centri di ricerca stranieri e sono coinvolti in progetti internazionali. Elenchiamo solo alcune di queste collaborazioni, ordinate per paese, e documentate da lavori scientifici su riviste internazionali. Austria Tech. University of Vienna University of Linz Australia Australia Telescope National Facility Azerbaijan Institute of Physics of Azerbaijan Academy of Sciences, Baku Belgio Universit\u00e8 de Liege Brasile Universidate de Sao Paulo Brasil Canada Perimeter Institute Waterloo Department of Physics University of Ottawa Francia College de France Paris University Marie <a href='https:\/\/dottorati.unica.it\/fisica\/internazionalizzazione\/' class='excerpt-more'>[&#8230;]<\/a><\/p>\n","protected":false},"author":2854,"featured_media":0,"parent":0,"menu_order":0,"comment_status":"closed","ping_status":"closed","template":"","meta":{"footnotes":""},"class_list":["post-957","page","type-page","status-publish","hentry","post-seq-1","post-parity-odd","meta-position-corners","fix"],"_links":{"self":[{"href":"https:\/\/dottorati.unica.it\/fisica\/wp-json\/wp\/v2\/pages\/957","targetHints":{"allow":["GET"]}}],"collection":[{"href":"https:\/\/dottorati.unica.it\/fisica\/wp-json\/wp\/v2\/pages"}],"about":[{"href":"https:\/\/dottorati.unica.it\/fisica\/wp-json\/wp\/v2\/types\/page"}],"author":[{"embeddable":true,"href":"https:\/\/dottorati.unica.it\/fisica\/wp-json\/wp\/v2\/users\/2854"}],"replies":[{"embeddable":true,"href":"https:\/\/dottorati.unica.it\/fisica\/wp-json\/wp\/v2\/comments?post=957"}],"version-history":[{"count":9,"href":"https:\/\/dottorati.unica.it\/fisica\/wp-json\/wp\/v2\/pages\/957\/revisions"}],"predecessor-version":[{"id":1696,"href":"https:\/\/dottorati.unica.it\/fisica\/wp-json\/wp\/v2\/pages\/957\/revisions\/1696"}],"wp:attachment":[{"href":"https:\/\/dottorati.unica.it\/fisica\/wp-json\/wp\/v2\/media?parent=957"}],"curies":[{"name":"wp","href":"https:\/\/api.w.org\/{rel}","templated":true}]}}