{"id":447,"date":"2016-05-15T10:26:01","date_gmt":"2016-05-15T08:26:01","guid":{"rendered":"http:\/\/dottorati.unica.it\/fisica\/?page_id=447"},"modified":"2025-11-19T09:51:27","modified_gmt":"2025-11-19T08:51:27","slug":"regolamento","status":"publish","type":"page","link":"https:\/\/dottorati.unica.it\/fisica\/documenti\/regolamento\/","title":{"rendered":"Regolamento"},"content":{"rendered":"<p><span style=\"text-decoration: underline;color: #ff0000\"><strong>NOTA BENE: Per qualsiasi chiarimento in merito alle regole seguenti, si prega di contattare innanzitutto la\/il\/i propria\/o\/i supervisore\/i di dottorato, in quanto esse\/i dovrebbero essere informate\/i sulle relative procedure, discusse almeno annualmente durante la riunione del Collegio dei docenti. In caso di necessit\u00e0, forniremo il supporto richiesto. <\/strong><\/span><\/p>\n<p>Il Corso di Dottorato adotta il sistema dei Crediti di Formazione alla Ricerca (CFR). I dottorandi devono accumulare 180 CFR nei tre anni secondo il D.R. nr. 460 del 9\/12\/2005.\u00a0I 180 CFR sono divisi nel modo seguente:<\/p>\n<p><span style=\"text-decoration: underline\"><strong>30 CFR di attivit\u00e0 didattica<\/strong><\/span><br \/>\nOttenuti mediante frequentazione di lezioni specifiche per i dottorandi, corsi della LM di Fisica o altri corsi di interesse, scuole nazionali e internazionali, tutoraggio, attivit\u00e0 di terza missione. <strong>I crediti di questa tipologia devono essere obbligatoriamente maturati entro il secondo anno<\/strong>.<\/p>\n<ul>\n<li><u>Piano attivit\u00e0 didattiche.<\/u> I dottorandi devono presentare all&#8217;inizio del primo anno un piano delle attivit\u00e0 didattiche che verr\u00e0 sottoposto all&#8217;approvazione del Collegio dei Docenti. A partire dal XXXII Ciclo, per armonizzare le richieste di mobilit\u00e0 con le attivit\u00e0 didattiche dei dottorandi, i criteri di valutazione dell&#8217;attivit\u00e0 didattica sono stati rivisti (CFR verbali sedute del Collegio dei Docenti del 23\/1\/2017 e del 17\/09\/2024).<\/li>\n<\/ul>\n<ul>\n<li><u>Tutoraggio.<\/u> Il tutoraggio \u00e8 attribuito dal Collegio dei Docenti, sentito il Direttore del Dipartimento di Fisica e il Coordinatore del CdS in Fisica. Il Corso di Dottorato ha introdotto un limite massimo delle ore di tutoraggio, ad integrazione delle norme gi\u00e0 previste dal Regolamento di Ateneo (art. 12, comma 4). Specificatamente, le\/i dottorande\/i possono svolgere, quale parte integrante del progetto formativo, previo nulla osta del Collegio,\u00a0attivit\u00e0 di tutorato nei corsi di laurea e di laurea magistrale, anche retribuita, <strong>entro il limite di sessanta (60) ore per ciascun anno accademico <\/strong>(CFR verbale seduta del Collegio dei Docenti del 27\/11\/2023). A partire dall\u2019AA 2024\/2025 non vi \u00e8 pi\u00f9 l&#8217;obbligo di svolgimento di attivit\u00e0 di tutorato <em>a titolo gratuito<\/em> da parte delle\/dei dottorande\/i. Le attivit\u00e0 di tutorato svolte a titolo oneroso, fino a un massimo di <strong>40 ore (nel triennio)<\/strong>, daranno luogo all\u2019acquisizione dei CFR secondo il criterio <strong>1 CFR\/4h<\/strong>. Eventuali ore aggiuntive, sempre nel limite delle 60h\/anno, a titolo oneroso NON daranno luogo a CFR, viceversa daranno luogo a CFR secondo la regola <strong>1.5 CFR\/4h<\/strong>, se a titolo gratuito.<\/li>\n<\/ul>\n<ul>\n<li><u>Didattica integrativa.<\/u>\u00a0Dall\u2019anno accademico 2023\/24 le attivit\u00e0 di tutorato sono formalmente separate dall\u2019attivit\u00e0 didattica integrativa. Per questa seconda attivit\u00e0 (didattica integrativa) il Regolamento di Dottorato d\u2019Ateneo prevede un limite di <strong>40 ore\/anno<\/strong> accademico. \u00a0Queste daranno luogo all\u2019acquisizione dei CFR secondo il criterio <strong>1 CFR\/4h<\/strong>.<\/li>\n<\/ul>\n<ul>\n<li><u>Terza missione (max 10 CFR).<\/u>\u00a0Per quanto riguarda le attivit\u00e0 di terza missione, per ognuna la\/il dottoranda\/o dovr\u00e0 fornire un attestato firmato dal responsabile dell\u2019attivit\u00e0 con indicazione dei giorni e delle ore di impegno effettivo. Verr\u00e0 attribuito, di norma, <strong>1 CFR ogni 8\/12 ore<\/strong> di attivit\u00e0 (frontale\/simil-laboratoriale, incluse le ore di preparazione delle stesse), per un massimo di <strong>3 CFR per attivit\u00e0<\/strong>; i CFR maturati per questo tipo di attivit\u00e0 verranno riconosciuti tra quelli di didattica, e <strong>non potranno superare i 10 CFR<\/strong> (su 30 CFR totali previsti). Un elenco, non esaustivo, delle attivit\u00e0 riconosciute \u00e8 il seguente:<\/li>\n<\/ul>\n<ul>\n<li style=\"list-style-type: none\">\n<ul>\n<li>International Day of Women and Girls in Science<\/li>\n<li>RadioLab: misura radioattivit\u00e0 ambientale<\/li>\n<li>Art&amp;Science: avvicinare alla scienza col linguaggio dell&#8217;arte<\/li>\n<li>Premio Asimov: recensione di libri di divulgazione scientifica<\/li>\n<li>Lab2Go: riqualificazione laboratori scolastici<\/li>\n<li>Masterclasses in fisica della materia, fisica applicata e fisica delle particelle<\/li>\n<li>Sharper &#8211; European Researchers&#8217; Night<\/li>\n<li>Pint of Science<\/li>\n<li>AggiornaMenti<\/li>\n<li>Laboratorio di Fisica in Aula<\/li>\n<li>Opendays di Facolt\u00e0<\/li>\n<\/ul>\n<\/li>\n<\/ul>\n<p><em><u>Prospetto riassuntivo attribuzione dei crediti<\/u>:<\/em><\/p>\n<ul>\n<li style=\"list-style-type: none\">\n<ul>\n<li><strong>Lezioni<\/strong>: Lezioni e seminari specifici per i dottorandi: <strong>4h=1CFR; <\/strong>Corsi della Laurea Magistrale: <strong>8h=1 CFR.<\/strong><\/li>\n<li>Partecipazione ai <strong>Physics Colloquia<\/strong>: <strong>0.5 CFR.<\/strong><\/li>\n<li>Frequentazione di<strong> scuole<\/strong> nazionali e internazionali: <strong>Una giornata effettiva di una scuola<\/strong> nazionale\/internazionale corrisponde a <strong>1 CFR.<\/strong><\/li>\n<li>A partire dal XXXII Ciclo, anche la <strong>partecipazione a congressi<\/strong> contribuisce alla maturazione di CFR con gli stessi criteri delle scuole e fino a un massimo di 5 CFR.<\/li>\n<li>Tutoraggio: <strong>1 CFR\/4h<\/strong> se a titolo <strong>oneroso<\/strong> (max 40h\/triennio), <strong>1.5 CFR\/4h<\/strong> se a titolo <strong>gratuito<\/strong> (max 60h\/anno).<\/li>\n<li>Attivit\u00e0 didattica integrativa: <strong>1 CFR\/4h<\/strong> (max 40h\/anno).<\/li>\n<li>Attivit\u00e0 di terza missione (<strong>max. 10 CFR<\/strong>): <strong>1 CFR<\/strong> ogni 8 (frontale)\/12 (simil-laboratoriale) ore di attivit\u00e0, incluse le ore di preparazione delle stesse, per un massimo di <strong>3 CFR<\/strong> per attivit\u00e0.<\/li>\n<\/ul>\n<\/li>\n<\/ul>\n<p>&nbsp;<\/p>\n<p><span style=\"text-decoration: underline\"><strong>150 CFR per attivit\u00e0 di ricerca<\/strong><\/span><\/p>\n<p>I crediti di ricerca possono essere maturati come segue:<\/p>\n<ul>\n<li><strong>Seminario di fine anno<\/strong> (45-70 CFR). Una commissione d&#8217;ascolto giudica la qualit\u00e0 del seminario e attribuisce un giudizio (sufficiente:15 CFR,\u00a0 discreto: 17 CFR, buono: 19 CFR, molto buono: 21 CFR, eccellente: 25 CFR).<\/li>\n<li><strong>Attivit\u00e0 scientifica<\/strong>, valutata secondo i seguenti criteri:\n<ul>\n<li><strong>Articoli <\/strong>pubblicati in riviste con<strong> peer-review: 35 CFR<\/strong> per articolo.<\/li>\n<li><strong>Report interni<\/strong> con referaggio e articoli pubblicati nei<strong> proceedings <\/strong>di un congresso:<strong> 10 CFR<\/strong> per articolo.<\/li>\n<li>Altri (presentazioni interne etc): 5 CFR.<\/li>\n<li><strong>Presentazioni orali<\/strong> del dottorando a congresso: <strong>20 CFR.<\/strong><\/li>\n<li>Presentazioni di <strong>poster<\/strong> del dottorando a congresso: <strong>5 CFR.<\/strong><\/li>\n<\/ul>\n<\/li>\n<\/ul>\n<ul>\n<li><strong>Certificato linguistico<\/strong>\n<ul>\n<li>E&#8217; inoltre richiesto il raggiungimento del <strong>livello linguistico C1<\/strong> per la conoscenza della lingua <strong>inglese<\/strong>.<\/li>\n<\/ul>\n<\/li>\n<\/ul>\n<h5><span style=\"text-decoration: underline;color: #ff0000\"><strong>Procedure da seguire per il passaggio all&#8217;anno successivo del Dottorato<\/strong><\/span><\/h5>\n<p>A partire dall\u2019anno accademico 2024\/2025, recependo un\u2019indicazione prevista nell\u2019Action plan della HRS4R, la procedura di passaggio di anno delle\/dei dottorande\/i richiede la redazione di una <span style=\"text-decoration: underline\"><a href=\"https:\/\/dottorati.unica.it\/fisica\/files\/2025\/09\/Modulo_Relazione_intermedia.docx\"><em><strong>relazione intermedia<\/strong><\/em><\/a>.<\/span><\/p>\n<p>Pertanto, la procedura da seguire \u00e8 la seguente:<br \/>\n1. Predisposizione dei giudizi annuali dei supervisori per l&#8217;ammissione agli anni successivi al primo e all&#8217;esame finale;<br \/>\n2. Presentazione di un seminario annuale sulle attivit\u00e0 svolte e sua valutazione a cura della Commissione di ascolto interna;<br \/>\n3. Predisposizione di una <span style=\"text-decoration: underline\"><strong><em><a href=\"https:\/\/dottorati.unica.it\/fisica\/files\/2025\/09\/Modulo_Relazione_intermedia.docx\">relazione intermedia<\/a><\/em><\/strong><\/span> a cura della\/del dottoranda\/o alla fine del II anno;<br \/>\n4. Predisposizione della <a href=\"https:\/\/dottorati.unica.it\/fisica\/files\/2025\/02\/Modulo_relazione_finale_dottorandi_e.docx\"><strong><em><span style=\"text-decoration: underline\">relazione finale<\/span><\/em><\/strong><\/a> a cura della\/del dottoranda\/o per l\u2019ammissione all\u2019esame finale;<br \/>\n5. Predisposizione dell\u2019action plan da compilare entro dicembre del I anno ed entro settembre del III anno (NOTA: per ora solo i supervisori sono coinvolti).<br \/>\nI moduli da utilizzare per redigere le relazioni suddette sono disponibili nella sezione <a href=\"https:\/\/dottorati.unica.it\/fisica\/documenti\/moduli\/\"><strong><span style=\"text-decoration: underline\">Moduli e Informazioni<\/span><\/strong><\/a> nella pagina web del Dottorato.<\/p>\n","protected":false},"excerpt":{"rendered":"<p>NOTA BENE: Per qualsiasi chiarimento in merito alle regole seguenti, si prega di contattare innanzitutto la\/il\/i propria\/o\/i supervisore\/i di dottorato, in quanto esse\/i dovrebbero essere informate\/i sulle relative procedure, discusse almeno annualmente durante la riunione del Collegio dei docenti. In caso di necessit\u00e0, forniremo il supporto richiesto. Il Corso di Dottorato adotta il sistema dei Crediti di Formazione alla Ricerca (CFR). I dottorandi devono accumulare 180 CFR nei tre anni secondo il D.R. nr. 460 del 9\/12\/2005.\u00a0I 180 CFR sono divisi nel modo seguente: 30 CFR di attivit\u00e0 didattica Ottenuti mediante frequentazione di lezioni specifiche per i dottorandi, corsi della <a href='https:\/\/dottorati.unica.it\/fisica\/documenti\/regolamento\/' class='excerpt-more'>[&#8230;]<\/a><\/p>\n","protected":false},"author":2854,"featured_media":0,"parent":443,"menu_order":1,"comment_status":"closed","ping_status":"closed","template":"","meta":{"footnotes":""},"class_list":["post-447","page","type-page","status-publish","hentry","post-seq-1","post-parity-odd","meta-position-corners","fix"],"_links":{"self":[{"href":"https:\/\/dottorati.unica.it\/fisica\/wp-json\/wp\/v2\/pages\/447","targetHints":{"allow":["GET"]}}],"collection":[{"href":"https:\/\/dottorati.unica.it\/fisica\/wp-json\/wp\/v2\/pages"}],"about":[{"href":"https:\/\/dottorati.unica.it\/fisica\/wp-json\/wp\/v2\/types\/page"}],"author":[{"embeddable":true,"href":"https:\/\/dottorati.unica.it\/fisica\/wp-json\/wp\/v2\/users\/2854"}],"replies":[{"embeddable":true,"href":"https:\/\/dottorati.unica.it\/fisica\/wp-json\/wp\/v2\/comments?post=447"}],"version-history":[{"count":66,"href":"https:\/\/dottorati.unica.it\/fisica\/wp-json\/wp\/v2\/pages\/447\/revisions"}],"predecessor-version":[{"id":2467,"href":"https:\/\/dottorati.unica.it\/fisica\/wp-json\/wp\/v2\/pages\/447\/revisions\/2467"}],"up":[{"embeddable":true,"href":"https:\/\/dottorati.unica.it\/fisica\/wp-json\/wp\/v2\/pages\/443"}],"wp:attachment":[{"href":"https:\/\/dottorati.unica.it\/fisica\/wp-json\/wp\/v2\/media?parent=447"}],"curies":[{"name":"wp","href":"https:\/\/api.w.org\/{rel}","templated":true}]}}