{"id":432,"date":"2015-10-19T19:03:15","date_gmt":"2015-10-19T17:03:15","guid":{"rendered":"http:\/\/dottorati.unica.it\/fisica\/?page_id=432"},"modified":"2020-10-22T17:02:33","modified_gmt":"2020-10-22T15:02:33","slug":"home","status":"publish","type":"page","link":"https:\/\/dottorati.unica.it\/fisica\/","title":{"rendered":"Home"},"content":{"rendered":"<p style=\"text-align: center\"><span style=\"font-size: xx-large\"><strong>Dottorato in Fisica<\/strong><\/span><\/p>\n<p>Il Dottorato di Ricerca \u00e8 il titolo universitario di grado pi\u00f9 elevato e costituisce un passo fondamentale per la formazione e l&#8217;inserimento nella ricerca. Il titolo \u00e8 indispensabile per il proseguimento della carriera di ricercatore e l&#8217;accesso ai concorsi nelle Universit\u00e0 ed Enti di Ricerca.<br \/>\nAccedendo al corso di Dottorato in Fisica dell&#8217;Universit\u00e0 di Cagliari si potr\u00e0 lavorare sulle tematiche che coinvolgono i ricercatori del dipartimento di Fisica, che comprendono la fisica nucleare e subnucleare, la fisica della materia, l&#8217;astrofisica, la fisica applicata, la biofisica.<br \/>\n<a href=\"http:\/\/dipartimenti.unica.it\/fisica\/ricerca\/progetti\/\">Consulta nel dettaglio il Piano di Ricerca del Dipartimento di Fisica.<\/a><\/p>\n<p>&nbsp;<\/p>\n<p><a href=\"http:\/\/dottorati.unica.it\/fisica\/files\/2016\/10\/a_saba-Pegna_A3.jpg\"><img decoding=\"async\" class=\"size-medium wp-image-1109 aligncenter\" src=\"http:\/\/dottorati.unica.it\/fisica\/files\/2016\/10\/a_saba-Pegna_A3-300x231.jpg\" alt=\"a_saba-pegna_a3\" width=\"450\" height=\"346.5\" srcset=\"https:\/\/dottorati.unica.it\/fisica\/files\/2016\/10\/a_saba-Pegna_A3-300x231.jpg 300w, https:\/\/dottorati.unica.it\/fisica\/files\/2016\/10\/a_saba-Pegna_A3-768x591.jpg 768w, https:\/\/dottorati.unica.it\/fisica\/files\/2016\/10\/a_saba-Pegna_A3-1024x789.jpg 1024w, https:\/\/dottorati.unica.it\/fisica\/files\/2016\/10\/a_saba-Pegna_A3.jpg 1688w\" sizes=\"(max-width: 300px) 100vw, 300px\" \/><\/a><\/p>\n","protected":false},"excerpt":{"rendered":"<p>Dottorato in Fisica Il Dottorato di Ricerca \u00e8 il titolo universitario di grado pi\u00f9 elevato e costituisce un passo fondamentale per la formazione e l&#8217;inserimento nella ricerca. Il titolo \u00e8 indispensabile per il proseguimento della carriera di ricercatore e l&#8217;accesso ai concorsi nelle Universit\u00e0 ed Enti di Ricerca. Accedendo al corso di Dottorato in Fisica dell&#8217;Universit\u00e0 di Cagliari si potr\u00e0 lavorare sulle tematiche che coinvolgono i ricercatori del dipartimento di Fisica, che comprendono la fisica nucleare e subnucleare, la fisica della materia, l&#8217;astrofisica, la fisica applicata, la biofisica. Consulta nel dettaglio il Piano di Ricerca del Dipartimento di Fisica. &nbsp;<\/p>\n","protected":false},"author":643,"featured_media":0,"parent":0,"menu_order":0,"comment_status":"closed","ping_status":"closed","template":"","meta":{"footnotes":""},"class_list":["post-432","page","type-page","status-publish","hentry","post-seq-1","post-parity-odd","meta-position-corners","fix"],"_links":{"self":[{"href":"https:\/\/dottorati.unica.it\/fisica\/wp-json\/wp\/v2\/pages\/432","targetHints":{"allow":["GET"]}}],"collection":[{"href":"https:\/\/dottorati.unica.it\/fisica\/wp-json\/wp\/v2\/pages"}],"about":[{"href":"https:\/\/dottorati.unica.it\/fisica\/wp-json\/wp\/v2\/types\/page"}],"author":[{"embeddable":true,"href":"https:\/\/dottorati.unica.it\/fisica\/wp-json\/wp\/v2\/users\/643"}],"replies":[{"embeddable":true,"href":"https:\/\/dottorati.unica.it\/fisica\/wp-json\/wp\/v2\/comments?post=432"}],"version-history":[{"count":40,"href":"https:\/\/dottorati.unica.it\/fisica\/wp-json\/wp\/v2\/pages\/432\/revisions"}],"predecessor-version":[{"id":1831,"href":"https:\/\/dottorati.unica.it\/fisica\/wp-json\/wp\/v2\/pages\/432\/revisions\/1831"}],"wp:attachment":[{"href":"https:\/\/dottorati.unica.it\/fisica\/wp-json\/wp\/v2\/media?parent=432"}],"curies":[{"name":"wp","href":"https:\/\/api.w.org\/{rel}","templated":true}]}}