{"id":1697,"date":"2019-11-05T06:35:59","date_gmt":"2019-11-05T05:35:59","guid":{"rendered":"http:\/\/dottorati.unica.it\/fisica\/?page_id=1697"},"modified":"2021-04-21T13:32:00","modified_gmt":"2021-04-21T11:32:00","slug":"previous-seminars","status":"publish","type":"page","link":"https:\/\/dottorati.unica.it\/fisica\/previous-seminars\/","title":{"rendered":"Previous seminars"},"content":{"rendered":"<p><strong>2021<\/strong><\/p>\n<ul>\n<li><strong>Hitchhiker\u2019s Guide to Cosmological Concordance<\/strong><br \/>\nRiccardo Murgia (<span class=\"aff-text\">LUPM, Montpellier)<\/span><br \/>\n14:30, April 8, 2021<br \/>\n<a href=\"https:\/\/dottorati.unica.it\/fisica\/files\/2021\/04\/loc-murgia-04-21.pdf\">Click here to see the Abstract<\/a><\/li>\n<\/ul>\n<ul>\n<li><strong>A journey to the center of the proton<\/strong><br \/>\nBarbara Pasquini (<span class=\"aff-text\">University of Pavia)<\/span><br \/>\n14:30, March 17, 2021<br \/>\n<a href=\"https:\/\/dottorati.unica.it\/fisica\/files\/2021\/04\/loc-pasquini-03-21.pdf\">Click here to see the Abstract<\/a><\/li>\n<\/ul>\n<ul>\n<li><strong>Tidal deformations and Love numbers in GR and beyond<\/strong><br \/>\nEdgardo Franzin (<span class=\"aff-text\">SISSA, Triest)<\/span><br \/>\n14:30, March 10, 2021<br \/>\n<a href=\"http:\/\/dottorati.unica.it\/fisica\/files\/2021\/03\/loc-franzin-03-21.pdf\">Click here to see the Abstract<\/a><\/li>\n<\/ul>\n<ul>\n<li><strong>Machine learning for dark matter search experiment<\/strong><br \/>\nAlexey Grobov (<span class=\"aff-text\">Kurtchatov Institute)<\/span><br \/>\n14:30, February 24, 2021<br \/>\n<a href=\"http:\/\/dottorati.unica.it\/fisica\/files\/2021\/02\/loc-grobov-02-21.pdf\">Click here to see the Abstract<\/a><\/li>\n<\/ul>\n<ul>\n<li><strong>The Reverse Rutherford Era<\/strong><br \/>\nNirmal Raj (<span class=\"aff-text\">from TRIUNF Collaboration)<\/span><br \/>\nFebruary 10, 2021<br \/>\n<a href=\"http:\/\/dottorati.unica.it\/fisica\/files\/2021\/02\/loc_nirmal_02_21.pdf\">Click here to see the Abstract<\/a><\/li>\n<\/ul>\n<p><strong>2020-2021<\/strong><\/p>\n<ul>\n<li><strong>EU Fund Rising and Project Planning<\/strong><br \/>\nRoberto Di Quirico (<span class=\"aff-text\">Dipartimento d&#8217;Ingegneria meccanica, chimica e dei materiali, Cagliari)<\/span><br \/>\nNovember 16, 2020-May 20, 2021<br \/>\n<a href=\"http:\/\/dottorati.unica.it\/fisica\/files\/2020\/10\/Seminario-EU-Fund-Rising.pdf\">Click here to see the Program<\/a><\/li>\n<\/ul>\n<p><strong>2020<\/strong><\/p>\n<ul>\n<li><strong>Nobel per la Fisica 2020, in memoria di Nichi D&#8217;Amico<\/strong><br \/>\nSilvia Casu, Giovanni Bongiovanni, Luciano Burderi, Alberto Masoni, Emilio Molinari, Matteo Tuveri<br \/>\n16:00, October 18, 2020\n<\/li>\n<\/ul>\n<ul>\n<li><strong>Hot, bound, and defect states \u2013 exploring the rich photophysics of two-dimensional perovskites<\/strong><br \/>\nSimon Kahmann (<span class=\"aff-text\">Zernike Institute for Advanced Materials, University of Groningen, The Netherlands)<\/span><br \/>\n11:30, September 18, 2020<br \/>\n<a href=\"http:\/\/dottorati.unica.it\/fisica\/files\/2020\/10\/2020_Cagliari_Abstract.pdf\">Click here to see the Abstract<\/a><\/li>\n<\/ul>\n<ul>\n<li><strong>Introduction to Heavy-ion collisions and Quarks and Gluons Plasma<\/strong><br \/>\nBenjamin Audurier (<span class=\"aff-text\">Ecole Polytechnique, Palaiseau, France)<\/span><br \/>\n10:00, June 22-June 26, 2020<br \/>\n<a href=\"http:\/\/dottorati.unica.it\/fisica\/files\/2020\/06\/BenjaminAudurier_course.pdf\">Click here to see the Program<\/a><\/li>\n<\/ul>\n<ul>\n<li><strong>Broadband look at the Transient Neutron Star X-ray Binaries<\/strong><br \/>\nRahul Sharma (<span class=\"aff-text\">Department of Physics and Astrophysics, University of Delhi, India)<\/span><br \/>\nAula C &#8211; Dipartimento di Fisica &#8211; Cittadella Universitaria di Monserrato<br \/>\n15:00, February 18, 2020<br \/>\n<a href=\"http:\/\/dottorati.unica.it\/fisica\/files\/2020\/02\/Abstract_Rahul_Sharma.pdf\">Click here to see the Abstract<\/a><\/li>\n<\/ul>\n<ul>\n<li><strong>An overview on TMD formalism and its phenomenological status<\/strong><br \/>\nIgnazio Scimemi (<span class=\"aff-text\">University Complutense, Madrid, Spain)<\/span><br \/>\nAula D &#8211; Dipartimento di Fisica &#8211; Cittadella Universitaria di Monserrato<br \/>\n15:00, February 3, 2020<br \/>\n<a href=\"http:\/\/dottorati.unica.it\/fisica\/files\/2020\/01\/loc-Scimemi-02-2020.pdf\">Click here to see the Abstract<\/a><\/li>\n<\/ul>\n<p><strong>2019<\/strong><\/p>\n<ul>\n<li><strong>TEoria e MOdellazione di NAnomateriali (TEMONA-3)<\/strong><br \/>\nSala del Consiglio &#8211; Dipartimento di Fisica &#8211; Cittadella Universitaria di Monserrato<br \/>\n11:00, December 20, 2019<br \/>\n<a href=\"http:\/\/dottorati.unica.it\/fisica\/files\/2019\/12\/Annuncio-TEMONA-3-20dicembre2019.pdf\">Click here to see the Abstract<\/a><\/li>\n<\/ul>\n<ul>\n<li><strong>Giornata Inaugurale del Dottorato in Fisica<\/strong><br \/>\nSala del Consiglio &#8211; Dipartimento di Fisica &#8211; Cittadella Universitaria di Monserrato<br \/>\n15:45, December 18, 2019<br \/>\n<a href=\"http:\/\/dottorati.unica.it\/fisica\/files\/2019\/12\/annuncio_giornata_inaugurale18dec2019.pdf\">Click here to see the Abstract<\/a><\/li>\n<\/ul>\n<ul>\n<li><strong>Open heavy-quark hadroproduction from collider to astroparticle physics<\/strong><br \/>\nMaria Vittoria Garzelli (<span class=\"aff-text\">University of Florenz and University of Hamburg)<\/span><br \/>\nSala del Consiglio &#8211; Dipartimento di Fisica &#8211; Cittadella Universitaria di Monserrato<br \/>\n14:30, December 18, 2019<br \/>\n<a href=\"http:\/\/dottorati.unica.it\/fisica\/files\/2019\/12\/loc-garzelli-12-2019.pdf\">Click here to see the Abstract<\/a><\/li>\n<\/ul>\n<ul>\n<li><strong>Fisica delle Alte Energie a Cagliari<\/strong><br \/>\nSala del Consiglio &#8211; Dipartimento di Fisica &#8211; Cittadella Universitaria di Monserrato<br \/>\n14:30, December 11, 2019<br \/>\n<a href=\"https:\/\/agenda.infn.it\/event\/20851\/\">Click here for more details<\/a><\/li>\n<\/ul>\n<ul>\n<li><strong>Il Nobel per la Fisica 2019: Cosmologia ed Esopianeti<\/strong><br \/>\nEmilio Molinari (<span class=\"aff-text\">OA-INAF, Cagliari)<\/span> and Alessandro Riggio (<span class=\"aff-text\">University of Cagliari)<\/span><br \/>\nAula A &#8211; Dipartimento di Fisica &#8211; Cittadella Universitaria di Monserrato<br \/>\n15:00, December 3, 2019<br \/>\n<a href=\"http:\/\/dottorati.unica.it\/fisica\/files\/2019\/11\/Locandina_Nobel_2019.pdf\">Click here to see the Abstract<\/a><\/li>\n<\/ul>\n<ul>\n<li><strong>In situ TEM: a novel approach to transmission electron microscopy<\/strong><br \/>\nAlberto Casu (<span class=\"aff-text\">KAUST, Thuwal, Arabia Saudita)<\/span><br \/>\nSala del Consiglio &#8211; Dipartimento di Fisica &#8211; Cittadella Universitaria di Monserrato<br \/>\n15:00, November 27, 2019<br \/>\n<a href=\"http:\/\/dottorati.unica.it\/fisica\/files\/2019\/12\/Presentazione-in-situ-TEM.pdf\">Click here to see the Abstract<\/a><\/li>\n<\/ul>\n<ul>\n<li><strong>The role of crystal structure in developing magnetic oxide nanoparticles by Cation Exchange<\/strong><br \/>\nAlberto Casu (<span class=\"aff-text\">KAUST, Thuwal, Arabia Saudita)<\/span><br \/>\nSala del Consiglio &#8211; Dipartimento di Fisica &#8211; Cittadella Universitaria di Monserrato<br \/>\n15:00, November 26, 2019<br \/>\n<a href=\"http:\/\/dottorati.unica.it\/fisica\/files\/2019\/12\/Presentazione-SQUID-TEM.pdf\">Click here to see the Abstract<\/a><\/li>\n<\/ul>\n<ul>\n<li><strong>From Correlations to Universality<\/strong><br \/>\nAlejandro Kievsky (<span class=\"aff-text\">INFN, Pisa)<\/span><br \/>\nSala del Consiglio &#8211; Dipartimento di Fisica &#8211; Cittadella Universitaria di Monserrato<br \/>\n15:00, November 25, 2019<br \/>\n<a href=\"http:\/\/dottorati.unica.it\/fisica\/files\/2019\/12\/loc-kievsky-11-2019.pdf\">Click here to see the Abstract<\/a><\/li>\n<\/ul>\n<ul>\n<li><strong>Hadronic Structure from Transverse-Momentum-dependent SIDIS data<\/strong><br \/>\nJose Osvaldo Gonzalez Hernandez (<span class=\"aff-text\">University and INFN, Torino)<\/span><br \/>\nSala del Consiglio &#8211; Dipartimento di Fisica &#8211; Cittadella Universitaria di Monserrato<br \/>\n15:00, November 20, 2019<br \/>\n<a href=\"http:\/\/dottorati.unica.it\/fisica\/files\/2019\/12\/loc-jogh-11-2019.pdf\">Click here to see the Abstract<\/a><\/li>\n<\/ul>\n<ul>\n<li><strong>Measurements of Higgs boson couplings with the CMS experiment at the LHC<\/strong><br \/>\nPierluigi Bortignon (<span class=\"aff-text\">CERN, Ginevra, Svizzera)<\/span><br \/>\nSala del Consiglio &#8211; Dipartimento di Fisica &#8211; Cittadella Universitaria di Monserrato<br \/>\n15:00, November 19, 2019<br \/>\n<a href=\"http:\/\/dottorati.unica.it\/fisica\/files\/2019\/12\/seminario_bortignon.pdf\">Click here to see the Abstract<\/a><\/li>\n<\/ul>\n<ul>\n<li><strong>The Nanoporous Materials Genome in Action: novel materials for carbon capture<\/strong><br \/>\nBerend Smit (<span class=\"aff-text\">EPFL, Lausanne, Svizzera)<\/span><br \/>\nSala del Consiglio &#8211; Dipartimento di Fisica &#8211; Cittadella Universitaria di Monserrato<br \/>\n17:00, November 18, 2019<\/li>\n<\/ul>\n<ul>\n<li><strong>Transition Path Sampling Techniques<\/strong><br \/>\nRafaela Cabriolu (<span class=\"aff-text\">EPFL Lausanne, Svizzera<\/span><br \/>\nSala del Consiglio &#8211; Dipartimento di Fisica &#8211; Cittadella Universitaria di Monserrato<br \/>\n16:30, October 29, 2019<br \/>\n<a href=\"http:\/\/dottorati.unica.it\/fisica\/files\/2019\/12\/Seminario_Cabriolu_29oct2019.pdf\">Click here to see the Abstract<\/a><\/li>\n<\/ul>\n<ul>\n<li><strong>Classical electrodynamics on Snyder space<\/strong><br \/>\nBoris Ivetic (<span class=\"aff-text\">University of Wien, Austria)<\/span><br \/>\nSala del Consiglio &#8211; Dipartimento di Fisica &#8211; Cittadella Universitaria di Monserrato<br \/>\n15:00, October 21, 2019<br \/>\n<a href=\"http:\/\/dottorati.unica.it\/fisica\/files\/2019\/10\/loc-ivetic-10-2019.pdf\">Click here to see the Abstract<\/a><\/li>\n<\/ul>\n<ul>\n<li><strong>Miniworkshop: Teoria e modellazione di nanomateriali I<\/strong><br \/>\nSala del Consiglio &#8211; Dipartimento di Fisica &#8211; Cittadella Universitaria di Monserrato<br \/>\n11:30, October 17, 2019<br \/>\n<a href=\"http:\/\/dottorati.unica.it\/fisica\/files\/2019\/10\/TEMONA.pdf\">Click here to see the Program<\/a><\/li>\n<\/ul>\n<ul>\n<li><strong>Quantum Monte Carlo study of hydrogen under extreme conditions<\/strong><br \/>\nCarlo Pierleoni (<span class=\"aff-text\">University of L\u2019Aquila and CEA-Saclay)<\/span><br \/>\nSala del Consiglio &#8211; Dipartimento di Fisica &#8211; Cittadella Universitaria di Monserrato<br \/>\n17:30, October 16, 2019<br \/>\n<a href=\"http:\/\/dottorati.unica.it\/fisica\/files\/2019\/10\/Pierleoni_2019.pdf\">Click here to see the Abstract<\/a><\/li>\n<\/ul>\n<ul>\n<li><strong>Asymptotic safety of \u03a6<sup>4<\/sup> in noncommutative curved spaces<\/strong><br \/>\nSebasti\u00e1n Franchino-Vi\u00f1as (<span class=\"aff-text\">University of La Plata, Argentina)<\/span><br \/>\nAula C &#8211; Dipartimento di Fisica &#8211; Cittadella Universitaria di Monserrato<br \/>\n15:00, October 14, 2019<br \/>\n<a href=\"http:\/\/dottorati.unica.it\/fisica\/files\/2019\/10\/loc-vinas-10-2019.pdf\">Click here to see the Abstract<\/a><\/li>\n<\/ul>\n<ul>\n<li><strong>Theoretical computational simulation of complex systems in 2D and<br \/>\n3D semiconductor compounds<\/strong><br \/>\nMarcelo Marques (<span class=\"aff-text\">Instituto Tecnol\u00f3gico de Aeron\u00e1utica, S\u00e3o Jos\u00e9 dos Campos, Brazil)<\/span><br \/>\nSala del Consiglio &#8211; Dipartimento di Fisica &#8211; Cittadella Universitaria di Monserrato<br \/>\n14:00, October 9, 2019<\/li>\n<\/ul>\n<ul>\n<li><strong>Atomistic simulations of 2D materials forming complex systems:<br \/>\nalloys, heterostructures, excited states and qubits<\/strong><br \/>\nMarcelo Marques (<span class=\"aff-text\">Instituto Tecnol\u00f3gico de Aeron\u00e1utica, S\u00e3o Jos\u00e9 dos Campos, Brazil)<\/span><br \/>\nSala del Consiglio &#8211; Dipartimento di Fisica &#8211; Cittadella Universitaria di Monserrato<br \/>\n14:00, October 11, 2019<br \/>\n<a href=\"http:\/\/dottorati.unica.it\/fisica\/files\/2019\/10\/MARCELO_MARQUES_OTTOBRE_19_quater.pdf\">Click here to see the Abstracts of the two talks<\/a><\/li>\n<\/ul>\n<ul>\n<li><strong>Quest for wilderness &#8211; un viaggio attraverso le Sette Cime e le Sette Cime Vulcaniche<\/strong><br \/>\nSatyarup Siddhanta<br \/>\nSala Congressi (aula rossa) &#8211; Cittadella Universitaria di Monserrato &#8211; Asse didattico di Medicina e Chirurgia D6 &#8211; Blocco I<br \/>\n17:00, September 17, 2019<br \/>\n<a href=\"http:\/\/dottorati.unica.it\/fisica\/files\/2019\/09\/Locandina_SatyarupING.pdf\">Click here to see the Abstract<\/a><\/li>\n<\/ul>\n<ul>\n<li><strong>Three dimensional parton structure of nuclei<\/strong><br \/>\nSergio Scopetta (Perugia University and INFN &#8211; Sezione di Perugia)<br \/>\nAula C of the Physics Department<br \/>\n14:30, September 11, 2019<br \/>\n<a href=\"http:\/\/dottorati.unica.it\/fisica\/files\/2019\/09\/loc-scopetta-09-2019.pdf\">Click here to see the Abstract<\/a><\/li>\n<\/ul>\n","protected":false},"excerpt":{"rendered":"<p>2021 Hitchhiker\u2019s Guide to Cosmological Concordance Riccardo Murgia (LUPM, Montpellier) 14:30, April 8, 2021 Click here to see the Abstract A journey to the center of the proton Barbara Pasquini (University of Pavia) 14:30, March 17, 2021 Click here to see the Abstract Tidal deformations and Love numbers in GR and beyond Edgardo Franzin (SISSA, Triest) 14:30, March 10, 2021 Click here to see the Abstract Machine learning for dark matter search experiment Alexey Grobov (Kurtchatov Institute) 14:30, February 24, 2021 Click here to see the Abstract The Reverse Rutherford Era Nirmal Raj (from TRIUNF Collaboration) February 10, 2021 Click <a href='https:\/\/dottorati.unica.it\/fisica\/previous-seminars\/' class='excerpt-more'>[&#8230;]<\/a><\/p>\n","protected":false},"author":1898,"featured_media":0,"parent":0,"menu_order":0,"comment_status":"closed","ping_status":"closed","template":"","meta":{"footnotes":""},"class_list":["post-1697","page","type-page","status-publish","hentry","post-seq-1","post-parity-odd","meta-position-corners","fix"],"_links":{"self":[{"href":"https:\/\/dottorati.unica.it\/fisica\/wp-json\/wp\/v2\/pages\/1697","targetHints":{"allow":["GET"]}}],"collection":[{"href":"https:\/\/dottorati.unica.it\/fisica\/wp-json\/wp\/v2\/pages"}],"about":[{"href":"https:\/\/dottorati.unica.it\/fisica\/wp-json\/wp\/v2\/types\/page"}],"author":[{"embeddable":true,"href":"https:\/\/dottorati.unica.it\/fisica\/wp-json\/wp\/v2\/users\/1898"}],"replies":[{"embeddable":true,"href":"https:\/\/dottorati.unica.it\/fisica\/wp-json\/wp\/v2\/comments?post=1697"}],"version-history":[{"count":29,"href":"https:\/\/dottorati.unica.it\/fisica\/wp-json\/wp\/v2\/pages\/1697\/revisions"}],"predecessor-version":[{"id":1874,"href":"https:\/\/dottorati.unica.it\/fisica\/wp-json\/wp\/v2\/pages\/1697\/revisions\/1874"}],"wp:attachment":[{"href":"https:\/\/dottorati.unica.it\/fisica\/wp-json\/wp\/v2\/media?parent=1697"}],"curies":[{"name":"wp","href":"https:\/\/api.w.org\/{rel}","templated":true}]}}