{"id":2,"date":"2013-11-15T12:28:10","date_gmt":"2013-11-15T12:28:10","guid":{"rendered":"http:\/\/dottorati.unica.it\/?page_id=2"},"modified":"2026-01-29T10:12:54","modified_gmt":"2026-01-29T09:12:54","slug":"pagina-di-esempio","status":"publish","type":"page","link":"https:\/\/dottorati.unica.it\/dotticar\/pagina-di-esempio\/","title":{"rendered":"Dottorato"},"content":{"rendered":"<p>&nbsp;<\/p>\n<p><a href=\"http:\/\/dottorati.unica.it\/dotticar\/pagina-di-esempio\/docenti\/\">Collegio docenti<\/a><\/p>\n<p>&nbsp;<\/p>\n<p>Il Dottorato in Ingegneria Civile e Architettura pone l\u2019ambiente costruito e il territorio al centro dell\u2019interesse scientifico, inteso come campo di ricerca complesso comprendente il sistema costruito storico e contemporaneo, le opere infrastrutturali viarie ed idrauliche, l\u2019ambiente e il paesaggio naturale e antropizzato, con particolare attenzione alle interconnessioni esistenti tra ambiente, economia e societ\u00e0. Il vasto ambito di indagine valorizza una visione interdisciplinare delle tematiche affrontate e favorisce l\u2019integrazione tra la ricerca di base e quella applicata.<\/p>\n<p>Il percorso formativo e le proposte di ricerca dottorali si concretizzano attraverso studi teorici, di base e sperimentali, che possono beneficiare del supporto tecnologico in laboratori strumentali d\u2019eccellenza in grado di supportare analisi e simulazioni dei diversi fenomeni indagati, nonch\u00e9 del apporto del Collegio dei Docenti nello sviluppo di metodologie e modelli, nelle analisi quantitative dei fenomeni naturali e antropici, nello studio dei materiali e nella definizione di processi nel campo dell\u2019ingegneria, dell\u2019architettura e delle tecnologie.<\/p>\n<p>Gli studi, condotti in collaborazione e sinergia con la comunit\u00e0 scientifica internazionale, sono orientati a fornire apporti specialistici multisettoriali di alto livello sul piano dell\u2019avanzamento della ricerca scientifica ma anche a fornire risposte concrete alle problematiche tecniche e operative in relazione allo sviluppo sostenibile e al governo del territorio.<\/p>\n<p>L\u2019eredit\u00e0 culturale del Dottorato si manifesta nella produzione scientifica riguardante, tra i diversi temi, il recupero e la valorizzazione dei tessuti edilizi storici e contemporanei, la conservazione e la tutela del patrimonio architettonico e paesaggistico, la pianificazione territoriale, ambientale e urbanistica, la gestione delle risorse idriche e dei trasporti, la protezione e la messa in sicurezza dei territori dagli eventi meteorici avversi, la sicurezza statica, con significative ricadute non soltanto sul piano accademico, ma anche istituzionale e sociale.<br \/>\nObiettivi del corso:<\/p>\n<p>L\u2019obiettivo primario del Dottorato \u00e8 la formazione alla ricerca e l\u2019acquisizione dei metodi e strumenti per la conduzione dei progetti di ricerca negli ambiti disciplinari e interdisciplinari descritti sopra, assieme alla capacit\u00e0 di insegnamento di alta qualificazione.<\/p>\n<p>Particolare attenzione \u00e8 rivolta al consolidamento della capacit\u00e0 di elaborazione autonoma di programmi di ricerca originali sui temi oggetto del dottorato. Il Dottorato persegue anche obiettivi tecnico-operativi, coerentemente alla connotazione professionale e di servizio al territorio delle discipline dell\u2019ingegneria civile e dell\u2019architettura, in cui la ricerca di base si coniuga con quella applicata, con rilevanti ricadute industriali e sociali. Questi obiettivi mirano a rafforzare le capacit\u00e0 dei dottorandi e delle dottorande di individuare le relazioni esistenti e le interconessioni tra gli aspetti ingegneristici, architettonici, tecnologici, ambientali, economici e sociali.<\/p>\n<p>Ad accompagnare il percorso delle ricerche dottorali nel triennio, Il Dottorato propone un&#8217;articolata offerta di insegnamenti di base e specialistici, oltre ad una ricca attivit\u00e0 seminariale, di conferenze e di attivit\u00e0 laboratoriali assieme alle attivit\u00e0 di formazione interdisciplinare, documentata per gli anni passati sul sito Web del dottorato.<\/p>\n<p>Il Dottorato organizza un incontro semestrale di presentazioni delle ricerche dottorali, finalizzate alla discussione collegiale dello stato di avanzamento tese anche a raccogliere indirizzi e suggerimenti da componenti del Collegio docente diversi dai supervisori designati. Altres\u00ec, il Dottorato promuove seminari di approfondimento sulle singole ricerche dottorali, almeno uno nel corso del percorso triennale, organizzate da ciascun dottorando e suoi supervisori, e con la partecipazione su invito anche di studiosi e discussant di rilievo esterni al Collegio docenti.<\/p>\n<p>Il programma formativo \u00e8 inoltre attuato tramite l&#8217;opportunit\u00e0 di frequenza di corsi e seminari tenuti anche presso altre Universit\u00e0, Scuole di Specializzazione o sedi estere con le quali sono stati stipulati accordi di scambio e reciprocit\u00e0, e tramite il soggiorno di ricerca e studio obbligatorio, di almeno sei mesi, presso universit\u00e0 ed enti di ricerca esteri.<\/p>\n<h3>Sbocchi professionali<\/h3>\n<p>L\u2019alta formazione acquisita durante il percorso dottorale e il costante stimolo derivante dal contesto interdisciplinare che caratterizza il Collegio dei Docenti, contribuiscono alla formazione di dottori e dottoresse di ricerca in grado di affrontare problemi complessi che riguardano la gestione del territorio nella sua pi\u00f9 vasta accezione, compatibilmente con uno sviluppo sostenibile dell\u2019ambiente, la prevenzione e mitigazione dei rischi naturali e l\u2019uso sostenibile delle risorse naturali.<\/p>\n<p>Oltre ai naturali sbocchi accademici in universit\u00e0 ed enti di ricerca italiani ed esteri, l\u2019esperienza maturata durante il percorso di ricerca rende i dottori e le dottoresse di ricerca particolarmente competenti per i ruoli dirigenziali nelle amministrazioni pubbliche che hanno competenze ed operano a vario titolo sul territorio (per esempio nella pianificazione territoriale; gestione delle risorse, trasporti e mobilit\u00e0; protezione, sicurezza e tutela del territorio e del paesaggio), cos\u00ec come per quella vasta area del mondo privato tecnico-professionale e imprenditoriale che opera nel campo territoriale ed ambientale.<\/p>\n<hr \/>\n<p>Coordinatore: Francesco Viola<br \/>\nVice-coordinatrice: Sabrina Lai<br \/>\nContatto: <a href=\"mailto:dotticar@unica.it\">dotticar@unica.it<\/a><\/p>\n<hr \/>\n<p><a href=\"http:\/\/dottorati.unica.it\/dotticar\/pagina-di-esempio\/docenti\/\">Collegio docenti<\/a><\/p>\n<p><a href=\"https:\/\/dottorati.unica.it\/dotticar\/files\/2026\/01\/2026_01_14_Regolamento_Interno_Dottorato_DICAR.pdf\">Regolamento interno <\/a><\/p>\n<p><a href=\"https:\/\/dottorati.unica.it\/dotticar\/files\/2025\/11\/2024_11_22_Sistema_di_AQ_DOTT__ICAR.pdf\">Sistema di AQ<\/a><\/p>\n<div class=\"ms-editor-squiggler\" style=\"color: initial;font: initial;background: initial;background-blend-mode: initial;border: initial;border-radius: initial;border-collapse: initial;caption-side: initial;clear: initial;columns: initial;column-fill: initial;column-rule: initial;column-span: initial;cursor: initial;flex: initial;flex-flow: initial;float: initial;height: 0px;letter-spacing: initial;margin: initial;max-height: initial;max-width: initial;min-height: initial;min-width: initial;overflow: initial;padding: initial;text-align: initial;text-decoration: initial;text-indent: initial;text-transform: initial;vertical-align: initial;border-spacing: initial;width: initial\"><\/div>\n","protected":false},"excerpt":{"rendered":"<p>&nbsp; Collegio docenti &nbsp; Il Dottorato in Ingegneria Civile e Architettura pone l\u2019ambiente costruito e il territorio al centro dell\u2019interesse scientifico, inteso come campo di ricerca complesso comprendente il sistema costruito storico e contemporaneo, le opere infrastrutturali viarie ed idrauliche, l\u2019ambiente e il paesaggio naturale e antropizzato, con particolare attenzione alle interconnessioni esistenti tra ambiente, <a href='https:\/\/dottorati.unica.it\/dotticar\/pagina-di-esempio\/' class='excerpt-more'>[&#8230;]<\/a><\/p>\n","protected":false},"author":643,"featured_media":0,"parent":0,"menu_order":0,"comment_status":"closed","ping_status":"closed","template":"","meta":{"footnotes":""},"class_list":["post-2","page","type-page","status-publish","hentry","post-seq-1","post-parity-odd","meta-position-corners","fix"],"_links":{"self":[{"href":"https:\/\/dottorati.unica.it\/dotticar\/wp-json\/wp\/v2\/pages\/2","targetHints":{"allow":["GET"]}}],"collection":[{"href":"https:\/\/dottorati.unica.it\/dotticar\/wp-json\/wp\/v2\/pages"}],"about":[{"href":"https:\/\/dottorati.unica.it\/dotticar\/wp-json\/wp\/v2\/types\/page"}],"author":[{"embeddable":true,"href":"https:\/\/dottorati.unica.it\/dotticar\/wp-json\/wp\/v2\/users\/643"}],"replies":[{"embeddable":true,"href":"https:\/\/dottorati.unica.it\/dotticar\/wp-json\/wp\/v2\/comments?post=2"}],"version-history":[{"count":46,"href":"https:\/\/dottorati.unica.it\/dotticar\/wp-json\/wp\/v2\/pages\/2\/revisions"}],"predecessor-version":[{"id":3644,"href":"https:\/\/dottorati.unica.it\/dotticar\/wp-json\/wp\/v2\/pages\/2\/revisions\/3644"}],"wp:attachment":[{"href":"https:\/\/dottorati.unica.it\/dotticar\/wp-json\/wp\/v2\/media?parent=2"}],"curies":[{"name":"wp","href":"https:\/\/api.w.org\/{rel}","templated":true}]}}